{"id":6009,"date":"2021-06-16T15:35:50","date_gmt":"2021-06-16T19:35:50","guid":{"rendered":"https:\/\/norsteel.thedev.ca\/clone-of-airplane-hangars\/"},"modified":"2021-08-25T17:15:36","modified_gmt":"2021-08-25T21:15:36","slug":"hangars-daviation","status":"publish","type":"page","link":"https:\/\/norsteel.thedev.ca\/fr\/hangars-daviation\/","title":{"rendered":"Hangars d\u2019aviation"},"content":{"rendered":"<h3 style=\"\"><span>Types de <strong>hangars d\u2019aviation<\/strong><\/span><\/h3>\n<p style=\"\">En mati\u00e8re de construction, il y a peu de b\u00e2timents autres que les hangars d\u2019aviation qui prot\u00e8gent des objets de valeur aussi \u00e9lev\u00e9e. Pouvant co\u00fbter jusqu\u2019\u00e0 des dizaines de millions de dollars, les avions sont des placements qui ont besoin d\u2019une attention particuli\u00e8re. Pour les prot\u00e9ger des intemp\u00e9ries et des entr\u00e9es inopportunes, la conception des hangars est en g\u00e9n\u00e9ral tr\u00e8s personnalis\u00e9e pour r\u00e9pondre aux besoins d\u2019avions sp\u00e9ciaux et de leurs modes d\u2019entretien. Ils doivent aussi \u00eatre durables pour \u00e9viter toute panne indue.<\/p>\n<h3 style=\"text-align: center;\"><span>Projets de <strong>hangars d\u2019aviation<\/strong><\/span><\/h3>\n<p><span><img decoding=\"async\" alt=\"Exterior of a prefab steel airplane hangar with door lifted\" data-id=\"524\" title=\"\" src=\"https:\/\/norsteel.thedev.ca\/wp-content\/uploads\/2021\/05\/Airplane-Hangars-1.jpg\" data-src=\"https:\/\/norsteel.thedev.ca\/wp-content\/uploads\/2021\/05\/Airplane-Hangars-1.jpg\" loading=\"lazy\" data-sizes=\"{&quot;thumbnail&quot;:{&quot;height&quot;:150,&quot;width&quot;:150,&quot;url&quot;:&quot;https:\/\/norsteel.thedev.ca\/wp-content\/uploads\/2021\/05\/Airplane-Hangars-1-150x150.jpg&quot;,&quot;orientation&quot;:&quot;landscape&quot;},&quot;medium&quot;:{&quot;height&quot;:206,&quot;width&quot;:300,&quot;url&quot;:&quot;https:\/\/norsteel.thedev.ca\/wp-content\/uploads\/2021\/05\/Airplane-Hangars-1-300x206.jpg&quot;,&quot;orientation&quot;:&quot;landscape&quot;},&quot;full&quot;:{&quot;url&quot;:&quot;https:\/\/norsteel.thedev.ca\/wp-content\/uploads\/2021\/05\/Airplane-Hangars-1.jpg&quot;,&quot;height&quot;:550,&quot;width&quot;:800,&quot;orientation&quot;:&quot;landscape&quot;}}\" width=\"800\" height=\"550\"><\/span><span><img decoding=\"async\" alt=\"Interior image of prefab steel airplane hangar with steel rigid framing and purlin and girts, blanket insulation and 2 jets\" data-id=\"525\" title=\"\" src=\"https:\/\/norsteel.thedev.ca\/wp-content\/uploads\/2021\/05\/Airplane-Hangars-2.jpg\" data-src=\"https:\/\/norsteel.thedev.ca\/wp-content\/uploads\/2021\/05\/Airplane-Hangars-2.jpg\" loading=\"lazy\" data-sizes=\"{&quot;thumbnail&quot;:{&quot;height&quot;:150,&quot;width&quot;:150,&quot;url&quot;:&quot;https:\/\/norsteel.thedev.ca\/wp-content\/uploads\/2021\/05\/Airplane-Hangars-2-150x150.jpg&quot;,&quot;orientation&quot;:&quot;landscape&quot;},&quot;medium&quot;:{&quot;height&quot;:206,&quot;width&quot;:300,&quot;url&quot;:&quot;https:\/\/norsteel.thedev.ca\/wp-content\/uploads\/2021\/05\/Airplane-Hangars-2-300x206.jpg&quot;,&quot;orientation&quot;:&quot;landscape&quot;},&quot;full&quot;:{&quot;url&quot;:&quot;https:\/\/norsteel.thedev.ca\/wp-content\/uploads\/2021\/05\/Airplane-Hangars-2.jpg&quot;,&quot;height&quot;:550,&quot;width&quot;:800,&quot;orientation&quot;:&quot;landscape&quot;}}\" width=\"800\" height=\"550\"><\/span><span><img decoding=\"async\" alt=\"Interior of a prefab steel airplane hangar with steel rigid framing, roof purlins and girts\" data-id=\"526\" title=\"\" src=\"https:\/\/norsteel.thedev.ca\/wp-content\/uploads\/2021\/05\/Airplane-Hangars-3.jpg\" data-src=\"https:\/\/norsteel.thedev.ca\/wp-content\/uploads\/2021\/05\/Airplane-Hangars-3.jpg\" loading=\"lazy\" data-sizes=\"{&quot;thumbnail&quot;:{&quot;height&quot;:150,&quot;width&quot;:150,&quot;url&quot;:&quot;https:\/\/norsteel.thedev.ca\/wp-content\/uploads\/2021\/05\/Airplane-Hangars-3-150x150.jpg&quot;,&quot;orientation&quot;:&quot;landscape&quot;},&quot;medium&quot;:{&quot;height&quot;:206,&quot;width&quot;:300,&quot;url&quot;:&quot;https:\/\/norsteel.thedev.ca\/wp-content\/uploads\/2021\/05\/Airplane-Hangars-3-300x206.jpg&quot;,&quot;orientation&quot;:&quot;landscape&quot;},&quot;full&quot;:{&quot;url&quot;:&quot;https:\/\/norsteel.thedev.ca\/wp-content\/uploads\/2021\/05\/Airplane-Hangars-3.jpg&quot;,&quot;height&quot;:550,&quot;width&quot;:800,&quot;orientation&quot;:&quot;landscape&quot;}}\" width=\"800\" height=\"550\"><\/span><span><img decoding=\"async\" alt=\"Prefabricated steel airplane hangar for a personal private residence\" data-id=\"527\" title=\"\" src=\"https:\/\/norsteel.thedev.ca\/wp-content\/uploads\/2021\/05\/Airplane-Hangars-4.jpg\" data-src=\"https:\/\/norsteel.thedev.ca\/wp-content\/uploads\/2021\/05\/Airplane-Hangars-4.jpg\" loading=\"lazy\" data-sizes=\"{&quot;thumbnail&quot;:{&quot;height&quot;:150,&quot;width&quot;:150,&quot;url&quot;:&quot;https:\/\/norsteel.thedev.ca\/wp-content\/uploads\/2021\/05\/Airplane-Hangars-4-150x150.jpg&quot;,&quot;orientation&quot;:&quot;landscape&quot;},&quot;medium&quot;:{&quot;height&quot;:206,&quot;width&quot;:300,&quot;url&quot;:&quot;https:\/\/norsteel.thedev.ca\/wp-content\/uploads\/2021\/05\/Airplane-Hangars-4-300x206.jpg&quot;,&quot;orientation&quot;:&quot;landscape&quot;},&quot;full&quot;:{&quot;url&quot;:&quot;https:\/\/norsteel.thedev.ca\/wp-content\/uploads\/2021\/05\/Airplane-Hangars-4.jpg&quot;,&quot;height&quot;:550,&quot;width&quot;:800,&quot;orientation&quot;:&quot;landscape&quot;}}\" width=\"800\" height=\"550\"><\/span><span><img decoding=\"async\" alt=\"Prefabricated steel airplane hangar with airplane in front and hangar door closed\" data-id=\"528\" title=\"\" src=\"https:\/\/norsteel.thedev.ca\/wp-content\/uploads\/2021\/05\/Airplane-Hangars-5.jpg\" data-src=\"https:\/\/norsteel.thedev.ca\/wp-content\/uploads\/2021\/05\/Airplane-Hangars-5.jpg\" loading=\"lazy\" data-sizes=\"{&quot;thumbnail&quot;:{&quot;height&quot;:150,&quot;width&quot;:150,&quot;url&quot;:&quot;https:\/\/norsteel.thedev.ca\/wp-content\/uploads\/2021\/05\/Airplane-Hangars-5-150x150.jpg&quot;,&quot;orientation&quot;:&quot;landscape&quot;},&quot;medium&quot;:{&quot;height&quot;:206,&quot;width&quot;:300,&quot;url&quot;:&quot;https:\/\/norsteel.thedev.ca\/wp-content\/uploads\/2021\/05\/Airplane-Hangars-5-300x206.jpg&quot;,&quot;orientation&quot;:&quot;landscape&quot;},&quot;full&quot;:{&quot;url&quot;:&quot;https:\/\/norsteel.thedev.ca\/wp-content\/uploads\/2021\/05\/Airplane-Hangars-5.jpg&quot;,&quot;height&quot;:550,&quot;width&quot;:800,&quot;orientation&quot;:&quot;landscape&quot;}}\" width=\"800\" height=\"550\"><\/span><span><img decoding=\"async\" alt=\"Prefabricated Steel Airplane Hangar Building with Airplane in front and Hangar door is open. \" data-id=\"529\" title=\"\" src=\"https:\/\/norsteel.thedev.ca\/wp-content\/uploads\/2021\/05\/Airplane-Hangars-6.jpg\" data-src=\"https:\/\/norsteel.thedev.ca\/wp-content\/uploads\/2021\/05\/Airplane-Hangars-6.jpg\" loading=\"lazy\" data-sizes=\"{&quot;thumbnail&quot;:{&quot;height&quot;:150,&quot;width&quot;:150,&quot;url&quot;:&quot;https:\/\/norsteel.thedev.ca\/wp-content\/uploads\/2021\/05\/Airplane-Hangars-6-150x150.jpg&quot;,&quot;orientation&quot;:&quot;landscape&quot;},&quot;medium&quot;:{&quot;height&quot;:206,&quot;width&quot;:300,&quot;url&quot;:&quot;https:\/\/norsteel.thedev.ca\/wp-content\/uploads\/2021\/05\/Airplane-Hangars-6-300x206.jpg&quot;,&quot;orientation&quot;:&quot;landscape&quot;},&quot;full&quot;:{&quot;url&quot;:&quot;https:\/\/norsteel.thedev.ca\/wp-content\/uploads\/2021\/05\/Airplane-Hangars-6.jpg&quot;,&quot;height&quot;:550,&quot;width&quot;:800,&quot;orientation&quot;:&quot;landscape&quot;}}\" width=\"800\" height=\"550\"><\/span><span><img decoding=\"async\" alt=\"Exterior of a prefab steel airplane hangar\" data-id=\"530\" title=\"\" src=\"https:\/\/norsteel.thedev.ca\/wp-content\/uploads\/2021\/05\/Airplane-Hangars-7.jpg\" data-src=\"https:\/\/norsteel.thedev.ca\/wp-content\/uploads\/2021\/05\/Airplane-Hangars-7.jpg\" loading=\"lazy\" data-sizes=\"{&quot;thumbnail&quot;:{&quot;height&quot;:150,&quot;width&quot;:150,&quot;url&quot;:&quot;https:\/\/norsteel.thedev.ca\/wp-content\/uploads\/2021\/05\/Airplane-Hangars-7-150x150.jpg&quot;,&quot;orientation&quot;:&quot;landscape&quot;},&quot;medium&quot;:{&quot;height&quot;:206,&quot;width&quot;:300,&quot;url&quot;:&quot;https:\/\/norsteel.thedev.ca\/wp-content\/uploads\/2021\/05\/Airplane-Hangars-7-300x206.jpg&quot;,&quot;orientation&quot;:&quot;landscape&quot;},&quot;full&quot;:{&quot;url&quot;:&quot;https:\/\/norsteel.thedev.ca\/wp-content\/uploads\/2021\/05\/Airplane-Hangars-7.jpg&quot;,&quot;height&quot;:550,&quot;width&quot;:800,&quot;orientation&quot;:&quot;landscape&quot;}}\" width=\"800\" height=\"550\"><\/span><span><img decoding=\"async\" alt=\"Exterior image of an open prefab steel airplane hangar\" data-id=\"523\" title=\"\" src=\"https:\/\/norsteel.thedev.ca\/wp-content\/uploads\/2021\/05\/Airplane-Hangars-8.jpg\" data-src=\"https:\/\/norsteel.thedev.ca\/wp-content\/uploads\/2021\/05\/Airplane-Hangars-8.jpg\" loading=\"lazy\" data-sizes=\"{&quot;thumbnail&quot;:{&quot;height&quot;:150,&quot;width&quot;:150,&quot;url&quot;:&quot;https:\/\/norsteel.thedev.ca\/wp-content\/uploads\/2021\/05\/Airplane-Hangars-8-150x150.jpg&quot;,&quot;orientation&quot;:&quot;landscape&quot;},&quot;medium&quot;:{&quot;height&quot;:206,&quot;width&quot;:300,&quot;url&quot;:&quot;https:\/\/norsteel.thedev.ca\/wp-content\/uploads\/2021\/05\/Airplane-Hangars-8-300x206.jpg&quot;,&quot;orientation&quot;:&quot;landscape&quot;},&quot;full&quot;:{&quot;url&quot;:&quot;https:\/\/norsteel.thedev.ca\/wp-content\/uploads\/2021\/05\/Airplane-Hangars-8.jpg&quot;,&quot;height&quot;:550,&quot;width&quot;:800,&quot;orientation&quot;:&quot;landscape&quot;}}\" width=\"800\" height=\"550\"><\/span><\/p>\n<p style=\"text-align: center;\"><strong><strong><strong><strong><strong><strong><strong><strong>Lorsque l\u2019actif de votre entreprise se compte en avions, il vous faut la durabilit\u00e9, la s\u00e9curit\u00e9 et la souplesse de l\u2019acier. De la climatisation \u00e0 la protection incendie, les hangars d\u2019aviation Norsteel sauront vous satisfaire.<\/strong><\/strong><\/strong><\/strong><\/strong><\/strong><\/strong><\/strong><\/p>\n<h3 style=\"\"><span>L\u2019avantage <strong>Norsteel<\/strong><\/span><\/h3>\n<p>L\u2019acier est le choix id\u00e9al pour les b\u00e2timents commerciaux modernes car il procure plusieurs avantages importants par rapport \u00e0 d\u2019autres mat\u00e9riaux de construction ordinaires tels que le bois ou la ma\u00e7onnerie.<\/p>\n<p style=\"\"><strong>Co\u00fbt r\u00e9duit<\/strong><\/p>\n<p style=\"\">Nos mat\u00e9riaux pr\u00e9fabriqu\u00e9s rendent plus facile et plus rapide l\u2019assemblage des b\u00e2timents, ce qui r\u00e9duit la dur\u00e9e et les co\u00fbts de main-d\u2019\u0153uvre pour la construction. Et les frais moins \u00e9lev\u00e9s pour l\u2019entretien ajoutent une valeur suppl\u00e9mentaire.<\/p>\n<p style=\"\"><strong>Une conception personnalis\u00e9e<\/strong><\/p>\n<p style=\"\">Notre \u00e9quipe d\u2019experts en ing\u00e9nierie vous aidera \u00e0 concevoir le b\u00e2timent commercial qu\u2019il vous faut. Et, selon l\u2019emplacement, vous pourrez toujours agrandir ou modifier la structure \u00e0 l\u2019avenir.<\/p>\n<p style=\"\"><strong>Viabilit\u00e9 \u00e9cologique<\/strong><\/p>\n<p style=\"\">TL\u2019acier utilis\u00e9 dans les b\u00e2timents Norsteel est pratiquement recyclable \u00e0 100 %, ce qui le rend \u00e9conomique et moins d\u00e9pendant des ressources naturelles pr\u00e9cieuses..<\/p>\n<p style=\"\"><strong>Tranquillit\u00e9 d\u2019esprit<\/strong><\/p>\n<p style=\"\">Les b\u00e2timents en acier sont sans danger et s\u00e9curitaires et abritent parfaitement vote \u00e9quipement et vos stocks, ce qui garantit que votre entreprise est bien prot\u00e9g\u00e9e.<\/p>\n<p><span><img decoding=\"async\" alt=\"Prefab Steel Airplane Hangars\" data-id=\"521\" data-init-width=\"339\" data-init-height=\"500\" title=\"\" loading=\"lazy\" src=\"https:\/\/norsteel.thedev.ca\/wp-content\/uploads\/2021\/05\/Airplane-Hangars-Pilot-Resized-min.jpg\" data-width=\"300\" data-height=\"442\" style=\"\" width=\"300\" height=\"442\"><\/span><\/p>\n","protected":false},"excerpt":{"rendered":"<p>Types de hangars d\u2019aviation En mati\u00e8re de construction, il y a peu de b\u00e2timents autres que les hangars d\u2019aviation qui prot\u00e8gent des objets de valeur aussi \u00e9lev\u00e9e. Pouvant co\u00fbter jusqu\u2019\u00e0 des dizaines de millions de dollars, les avions sont des placements qui ont besoin d\u2019une attention particuli\u00e8re. Pour les prot\u00e9ger des intemp\u00e9ries et des entr\u00e9es [&hellip;]<\/p>\n","protected":false},"author":10,"featured_media":519,"parent":0,"menu_order":0,"comment_status":"closed","ping_status":"closed","template":"","meta":{"_mbp_gutenberg_autopost":false,"footnotes":""},"wf_page_folders":[],"class_list":["post-6009","page","type-page","status-publish","has-post-thumbnail","hentry","post-wrapper","thrv_wrapper"],"yoast_head":"<!-- This site is optimized with the Yoast SEO plugin v21.9 - https:\/\/yoast.com\/wordpress\/plugins\/seo\/ -->\n<title>Hangars D\u2019Aviation de Qualit\u00e9 | Norsteel Buildings<\/title>\n<meta name=\"robots\" content=\"noindex, follow, max-snippet:-1, max-image-preview:large, max-video-preview:-1\" \/>\n<meta property=\"og:locale\" content=\"fr_FR\" \/>\n<meta property=\"og:type\" content=\"article\" \/>\n<meta property=\"og:title\" content=\"Hangars D\u2019Aviation de Qualit\u00e9 | Norsteel Buildings\" \/>\n<meta property=\"og:description\" content=\"Types de hangars d\u2019aviation En mati\u00e8re de construction, il y a peu de b\u00e2timents autres que les hangars d\u2019aviation qui prot\u00e8gent des objets de valeur aussi \u00e9lev\u00e9e. Pouvant co\u00fbter jusqu\u2019\u00e0 des dizaines de millions de dollars, les avions sont des placements qui ont besoin d\u2019une attention particuli\u00e8re. Pour les prot\u00e9ger des intemp\u00e9ries et des entr\u00e9es [&hellip;]\" \/>\n<meta property=\"og:url\" content=\"https:\/\/norsteel.thedev.ca\/fr\/hangars-daviation\/\" \/>\n<meta property=\"og:site_name\" content=\"Norsteel Buildings\" \/>\n<meta property=\"article:publisher\" content=\"https:\/\/www.facebook.com\/NorsteelBuildings\" \/>\n<meta property=\"article:modified_time\" content=\"2021-08-25T21:15:36+00:00\" \/>\n<meta property=\"og:image\" content=\"https:\/\/norsteel.thedev.ca\/wp-content\/uploads\/2021\/05\/Airplane-Hangars-Header-Resized-min.jpg\" \/>\n\t<meta property=\"og:image:width\" content=\"1920\" \/>\n\t<meta property=\"og:image:height\" content=\"1080\" \/>\n\t<meta property=\"og:image:type\" content=\"image\/jpeg\" \/>\n<meta name=\"twitter:card\" content=\"summary_large_image\" \/>\n<meta name=\"twitter:site\" content=\"@norsteel\" \/>\n<meta name=\"twitter:label1\" content=\"Dur\u00e9e de lecture estim\u00e9e\" \/>\n\t<meta name=\"twitter:data1\" content=\"4 minutes\" \/>\n<!-- \/ Yoast SEO plugin. -->","yoast_head_json":{"title":"Hangars D\u2019Aviation de Qualit\u00e9 | Norsteel Buildings","robots":{"index":"noindex","follow":"follow","max-snippet":"max-snippet:-1","max-image-preview":"max-image-preview:large","max-video-preview":"max-video-preview:-1"},"og_locale":"fr_FR","og_type":"article","og_title":"Hangars D\u2019Aviation de Qualit\u00e9 | Norsteel Buildings","og_description":"Types de hangars d\u2019aviation En mati\u00e8re de construction, il y a peu de b\u00e2timents autres que les hangars d\u2019aviation qui prot\u00e8gent des objets de valeur aussi \u00e9lev\u00e9e. Pouvant co\u00fbter jusqu\u2019\u00e0 des dizaines de millions de dollars, les avions sont des placements qui ont besoin d\u2019une attention particuli\u00e8re. Pour les prot\u00e9ger des intemp\u00e9ries et des entr\u00e9es [&hellip;]","og_url":"https:\/\/norsteel.thedev.ca\/fr\/hangars-daviation\/","og_site_name":"Norsteel Buildings","article_publisher":"https:\/\/www.facebook.com\/NorsteelBuildings","article_modified_time":"2021-08-25T21:15:36+00:00","og_image":[{"width":1920,"height":1080,"url":"https:\/\/norsteel.thedev.ca\/wp-content\/uploads\/2021\/05\/Airplane-Hangars-Header-Resized-min.jpg","type":"image\/jpeg"}],"twitter_card":"summary_large_image","twitter_site":"@norsteel","twitter_misc":{"Dur\u00e9e de lecture estim\u00e9e":"4 minutes"},"schema":{"@context":"https:\/\/schema.org","@graph":[{"@type":"WebPage","@id":"https:\/\/norsteel.thedev.ca\/fr\/hangars-daviation\/","url":"https:\/\/norsteel.thedev.ca\/fr\/hangars-daviation\/","name":"Hangars D\u2019Aviation de Qualit\u00e9 | Norsteel Buildings","isPartOf":{"@id":"https:\/\/norsteel.thedev.ca\/fr\/#website"},"datePublished":"2021-06-16T19:35:50+00:00","dateModified":"2021-08-25T21:15:36+00:00","breadcrumb":{"@id":"https:\/\/norsteel.thedev.ca\/fr\/hangars-daviation\/#breadcrumb"},"inLanguage":"fr-FR","potentialAction":[{"@type":"ReadAction","target":["https:\/\/norsteel.thedev.ca\/fr\/hangars-daviation\/"]}]},{"@type":"BreadcrumbList","@id":"https:\/\/norsteel.thedev.ca\/fr\/hangars-daviation\/#breadcrumb","itemListElement":[{"@type":"ListItem","position":1,"name":"Home","item":"https:\/\/norsteel.thedev.ca\/fr\/"},{"@type":"ListItem","position":2,"name":"Hangars d\u2019aviation"}]},{"@type":"WebSite","@id":"https:\/\/norsteel.thedev.ca\/fr\/#website","url":"https:\/\/norsteel.thedev.ca\/fr\/","name":"Norsteel Buildings","description":"Prefab and Custom Steel Buildings","publisher":{"@id":"https:\/\/norsteel.thedev.ca\/fr\/#organization"},"potentialAction":[{"@type":"SearchAction","target":{"@type":"EntryPoint","urlTemplate":"https:\/\/norsteel.thedev.ca\/fr\/?s={search_term_string}"},"query-input":"required name=search_term_string"}],"inLanguage":"fr-FR"},{"@type":"Organization","@id":"https:\/\/norsteel.thedev.ca\/fr\/#organization","name":"Norsteel Buildings","url":"https:\/\/norsteel.thedev.ca\/fr\/","logo":{"@type":"ImageObject","inLanguage":"fr-FR","@id":"https:\/\/norsteel.thedev.ca\/fr\/#\/schema\/logo\/image\/","url":"https:\/\/norsteel.thedev.ca\/wp-content\/uploads\/2021\/04\/Norsteel-Logo_600x100-min.png","contentUrl":"https:\/\/norsteel.thedev.ca\/wp-content\/uploads\/2021\/04\/Norsteel-Logo_600x100-min.png","width":600,"height":100,"caption":"Norsteel Buildings"},"image":{"@id":"https:\/\/norsteel.thedev.ca\/fr\/#\/schema\/logo\/image\/"},"sameAs":["https:\/\/www.facebook.com\/NorsteelBuildings","https:\/\/twitter.com\/norsteel","https:\/\/www.instagram.com\/norsteelbuildings\/","https:\/\/www.linkedin.com\/company\/5315830\/admin\/","https:\/\/www.pinterest.ca\/NorsteelBuildings\/_created\/","https:\/\/www.youtube.com\/channel\/UCgz7hTZ20Yt9HijDLT_EycA"]}]}},"jetpack_sharing_enabled":true,"_links":{"self":[{"href":"https:\/\/norsteel.thedev.ca\/fr\/wp-json\/wp\/v2\/pages\/6009","targetHints":{"allow":["GET"]}}],"collection":[{"href":"https:\/\/norsteel.thedev.ca\/fr\/wp-json\/wp\/v2\/pages"}],"about":[{"href":"https:\/\/norsteel.thedev.ca\/fr\/wp-json\/wp\/v2\/types\/page"}],"author":[{"embeddable":true,"href":"https:\/\/norsteel.thedev.ca\/fr\/wp-json\/wp\/v2\/users\/10"}],"replies":[{"embeddable":true,"href":"https:\/\/norsteel.thedev.ca\/fr\/wp-json\/wp\/v2\/comments?post=6009"}],"version-history":[{"count":11,"href":"https:\/\/norsteel.thedev.ca\/fr\/wp-json\/wp\/v2\/pages\/6009\/revisions"}],"predecessor-version":[{"id":6811,"href":"https:\/\/norsteel.thedev.ca\/fr\/wp-json\/wp\/v2\/pages\/6009\/revisions\/6811"}],"wp:featuredmedia":[{"embeddable":true,"href":"https:\/\/norsteel.thedev.ca\/fr\/wp-json\/wp\/v2\/media\/519"}],"wp:attachment":[{"href":"https:\/\/norsteel.thedev.ca\/fr\/wp-json\/wp\/v2\/media?parent=6009"}],"wp:term":[{"taxonomy":"wf_page_folders","embeddable":true,"href":"https:\/\/norsteel.thedev.ca\/fr\/wp-json\/wp\/v2\/wf_page_folders?post=6009"}],"curies":[{"name":"wp","href":"https:\/\/api.w.org\/{rel}","templated":true}]}}