{"id":6021,"date":"2021-06-16T16:23:19","date_gmt":"2021-06-16T20:23:19","guid":{"rendered":"https:\/\/norsteel.thedev.ca\/clone-of-commercial-buildings\/"},"modified":"2021-08-25T16:28:27","modified_gmt":"2021-08-25T20:28:27","slug":"commerciaux","status":"publish","type":"page","link":"https:\/\/norsteel.thedev.ca\/fr\/commerciaux\/","title":{"rendered":"B\u00e2timent Commerciaux"},"content":{"rendered":"<h3 style=\"\"><span>Types de <strong>b\u00e2timents commerciaux<\/strong><\/span><\/h3>\n<p style=\"\">Les b\u00e2timents commerciaux comprennent les restaurants, magasins de d\u00e9tail, ateliers de r\u00e9parations, d\u00e9panneurs, concessionnaires automobiles et bien d\u2019autres types de commerces servant le public ou d\u2019autres entreprises. La s\u00e9curit\u00e9 et le rangement sans danger des mat\u00e9riaux et de l\u2019\u00e9quipement sont indispensables pour la sant\u00e9 de ces entreprises. Les b\u00e2timents commerciaux en acier procurent une souplesse de conception et toute une gamme d\u2019options esth\u00e9tiques pour l\u2019ext\u00e9rieur et l\u2019int\u00e9rieur. Ils sont aussi con\u00e7us selon des normes pr\u00e9cises avec la r\u00e9sistance et la durabilit\u00e9 n\u00e9cessaires pour r\u00e9sister \u00e0 une utilisation intense &nbsp;par les propri\u00e9taires et leurs clients.<\/p>\n<h3 style=\"text-align: center;\"><span>Projets de <strong>b\u00e2timents commerciaux<\/strong><\/span><\/h3>\n<p><span><img decoding=\"async\" alt=\"Sleep Country Canada Norsteel Buildings\" data-id=\"164\" title=\"\" src=\"https:\/\/norsteel.thedev.ca\/wp-content\/uploads\/2021\/05\/Sleep-Country-Canada-Norsteel-Buildings-300x206.jpg\" data-src=\"https:\/\/norsteel.thedev.ca\/wp-content\/uploads\/2021\/05\/Sleep-Country-Canada-Norsteel-Buildings.jpg\" loading=\"lazy\" data-sizes=\"{&quot;thumbnail&quot;:{&quot;height&quot;:150,&quot;width&quot;:150,&quot;url&quot;:&quot;https:\/\/norsteel.thedev.ca\/wp-content\/uploads\/2021\/05\/Sleep-Country-Canada-Norsteel-Buildings-150x150.jpg&quot;,&quot;orientation&quot;:&quot;landscape&quot;},&quot;medium&quot;:{&quot;height&quot;:206,&quot;width&quot;:300,&quot;url&quot;:&quot;https:\/\/norsteel.thedev.ca\/wp-content\/uploads\/2021\/05\/Sleep-Country-Canada-Norsteel-Buildings-300x206.jpg&quot;,&quot;orientation&quot;:&quot;landscape&quot;},&quot;full&quot;:{&quot;url&quot;:&quot;https:\/\/norsteel.thedev.ca\/wp-content\/uploads\/2021\/05\/Sleep-Country-Canada-Norsteel-Buildings.jpg&quot;,&quot;height&quot;:550,&quot;width&quot;:800,&quot;orientation&quot;:&quot;landscape&quot;}}\" width=\"800\" height=\"550\"><\/span><span><img decoding=\"async\" alt=\"Popeyes Chicken Norsteel Buildings\" data-id=\"163\" title=\"\" src=\"https:\/\/norsteel.thedev.ca\/wp-content\/uploads\/2021\/05\/Popeyes-Chicken-Norsteel-Buildings-300x206.jpg\" data-src=\"https:\/\/norsteel.thedev.ca\/wp-content\/uploads\/2021\/05\/Popeyes-Chicken-Norsteel-Buildings.jpg\" loading=\"lazy\" data-sizes=\"{&quot;thumbnail&quot;:{&quot;height&quot;:150,&quot;width&quot;:150,&quot;url&quot;:&quot;https:\/\/norsteel.thedev.ca\/wp-content\/uploads\/2021\/05\/Popeyes-Chicken-Norsteel-Buildings-150x150.jpg&quot;,&quot;orientation&quot;:&quot;landscape&quot;},&quot;medium&quot;:{&quot;height&quot;:206,&quot;width&quot;:300,&quot;url&quot;:&quot;https:\/\/norsteel.thedev.ca\/wp-content\/uploads\/2021\/05\/Popeyes-Chicken-Norsteel-Buildings-300x206.jpg&quot;,&quot;orientation&quot;:&quot;landscape&quot;},&quot;full&quot;:{&quot;url&quot;:&quot;https:\/\/norsteel.thedev.ca\/wp-content\/uploads\/2021\/05\/Popeyes-Chicken-Norsteel-Buildings.jpg&quot;,&quot;height&quot;:550,&quot;width&quot;:800,&quot;orientation&quot;:&quot;landscape&quot;}}\" width=\"800\" height=\"550\"><\/span><span><img decoding=\"async\" alt=\"Norwood Sawmills Norsteel Buildings\" data-id=\"162\" title=\"\" src=\"https:\/\/norsteel.thedev.ca\/wp-content\/uploads\/2021\/05\/Norwood-Sawmills-Norsteel-Buildings-300x206.jpg\" data-src=\"https:\/\/norsteel.thedev.ca\/wp-content\/uploads\/2021\/05\/Norwood-Sawmills-Norsteel-Buildings.jpg\" loading=\"lazy\" data-sizes=\"{&quot;thumbnail&quot;:{&quot;height&quot;:150,&quot;width&quot;:150,&quot;url&quot;:&quot;https:\/\/norsteel.thedev.ca\/wp-content\/uploads\/2021\/05\/Norwood-Sawmills-Norsteel-Buildings-150x150.jpg&quot;,&quot;orientation&quot;:&quot;landscape&quot;},&quot;medium&quot;:{&quot;height&quot;:206,&quot;width&quot;:300,&quot;url&quot;:&quot;https:\/\/norsteel.thedev.ca\/wp-content\/uploads\/2021\/05\/Norwood-Sawmills-Norsteel-Buildings-300x206.jpg&quot;,&quot;orientation&quot;:&quot;landscape&quot;},&quot;full&quot;:{&quot;url&quot;:&quot;https:\/\/norsteel.thedev.ca\/wp-content\/uploads\/2021\/05\/Norwood-Sawmills-Norsteel-Buildings.jpg&quot;,&quot;height&quot;:550,&quot;width&quot;:800,&quot;orientation&quot;:&quot;landscape&quot;}}\" width=\"800\" height=\"550\"><\/span><span><img decoding=\"async\" alt=\"Hyundai Norsteel Buildings\" data-id=\"160\" title=\"\" src=\"https:\/\/norsteel.thedev.ca\/wp-content\/uploads\/2021\/05\/Hyundai-Norsteel-Buildings-300x206.jpg\" data-src=\"https:\/\/norsteel.thedev.ca\/wp-content\/uploads\/2021\/05\/Hyundai-Norsteel-Buildings.jpg\" loading=\"lazy\" data-sizes=\"{&quot;thumbnail&quot;:{&quot;height&quot;:150,&quot;width&quot;:150,&quot;url&quot;:&quot;https:\/\/norsteel.thedev.ca\/wp-content\/uploads\/2021\/05\/Hyundai-Norsteel-Buildings-150x150.jpg&quot;,&quot;orientation&quot;:&quot;landscape&quot;},&quot;medium&quot;:{&quot;height&quot;:206,&quot;width&quot;:300,&quot;url&quot;:&quot;https:\/\/norsteel.thedev.ca\/wp-content\/uploads\/2021\/05\/Hyundai-Norsteel-Buildings-300x206.jpg&quot;,&quot;orientation&quot;:&quot;landscape&quot;},&quot;full&quot;:{&quot;url&quot;:&quot;https:\/\/norsteel.thedev.ca\/wp-content\/uploads\/2021\/05\/Hyundai-Norsteel-Buildings.jpg&quot;,&quot;height&quot;:550,&quot;width&quot;:800,&quot;orientation&quot;:&quot;landscape&quot;}}\" width=\"800\" height=\"550\"><\/span><span><img decoding=\"async\" alt=\"Haute Goat Norsteel Buildings\" data-id=\"159\" title=\"\" src=\"https:\/\/norsteel.thedev.ca\/wp-content\/uploads\/2021\/05\/Haute-Goat-Norsteel-Buildings-300x206.jpg\" data-src=\"https:\/\/norsteel.thedev.ca\/wp-content\/uploads\/2021\/05\/Haute-Goat-Norsteel-Buildings.jpg\" loading=\"lazy\" data-sizes=\"{&quot;thumbnail&quot;:{&quot;height&quot;:150,&quot;width&quot;:150,&quot;url&quot;:&quot;https:\/\/norsteel.thedev.ca\/wp-content\/uploads\/2021\/05\/Haute-Goat-Norsteel-Buildings-150x150.jpg&quot;,&quot;orientation&quot;:&quot;landscape&quot;},&quot;medium&quot;:{&quot;height&quot;:206,&quot;width&quot;:300,&quot;url&quot;:&quot;https:\/\/norsteel.thedev.ca\/wp-content\/uploads\/2021\/05\/Haute-Goat-Norsteel-Buildings-300x206.jpg&quot;,&quot;orientation&quot;:&quot;landscape&quot;},&quot;full&quot;:{&quot;url&quot;:&quot;https:\/\/norsteel.thedev.ca\/wp-content\/uploads\/2021\/05\/Haute-Goat-Norsteel-Buildings.jpg&quot;,&quot;height&quot;:550,&quot;width&quot;:800,&quot;orientation&quot;:&quot;landscape&quot;}}\" width=\"800\" height=\"550\"><\/span><span><img decoding=\"async\" alt=\"CarStar Norsteel Buildings\" data-id=\"166\" title=\"\" src=\"https:\/\/norsteel.thedev.ca\/wp-content\/uploads\/2021\/05\/CarStar-Norsteel-Buildings-300x206.jpg\" data-src=\"https:\/\/norsteel.thedev.ca\/wp-content\/uploads\/2021\/05\/CarStar-Norsteel-Buildings.jpg\" loading=\"lazy\" data-sizes=\"{&quot;thumbnail&quot;:{&quot;height&quot;:150,&quot;width&quot;:150,&quot;url&quot;:&quot;https:\/\/norsteel.thedev.ca\/wp-content\/uploads\/2021\/05\/CarStar-Norsteel-Buildings-150x150.jpg&quot;,&quot;orientation&quot;:&quot;landscape&quot;},&quot;medium&quot;:{&quot;height&quot;:206,&quot;width&quot;:300,&quot;url&quot;:&quot;https:\/\/norsteel.thedev.ca\/wp-content\/uploads\/2021\/05\/CarStar-Norsteel-Buildings-300x206.jpg&quot;,&quot;orientation&quot;:&quot;landscape&quot;},&quot;full&quot;:{&quot;url&quot;:&quot;https:\/\/norsteel.thedev.ca\/wp-content\/uploads\/2021\/05\/CarStar-Norsteel-Buildings.jpg&quot;,&quot;height&quot;:550,&quot;width&quot;:800,&quot;orientation&quot;:&quot;landscape&quot;}}\" width=\"800\" height=\"550\"><\/span><span><img decoding=\"async\" alt=\"Kennel Norsteel Buildings\" data-id=\"161\" title=\"\" src=\"https:\/\/norsteel.thedev.ca\/wp-content\/uploads\/2021\/05\/Kennel-Norsteel-Buildings-300x206.jpg\" data-src=\"https:\/\/norsteel.thedev.ca\/wp-content\/uploads\/2021\/05\/Kennel-Norsteel-Buildings.jpg\" loading=\"lazy\" data-sizes=\"{&quot;thumbnail&quot;:{&quot;height&quot;:150,&quot;width&quot;:150,&quot;url&quot;:&quot;https:\/\/norsteel.thedev.ca\/wp-content\/uploads\/2021\/05\/Kennel-Norsteel-Buildings-150x150.jpg&quot;,&quot;orientation&quot;:&quot;landscape&quot;},&quot;medium&quot;:{&quot;height&quot;:206,&quot;width&quot;:300,&quot;url&quot;:&quot;https:\/\/norsteel.thedev.ca\/wp-content\/uploads\/2021\/05\/Kennel-Norsteel-Buildings-300x206.jpg&quot;,&quot;orientation&quot;:&quot;landscape&quot;},&quot;full&quot;:{&quot;url&quot;:&quot;https:\/\/norsteel.thedev.ca\/wp-content\/uploads\/2021\/05\/Kennel-Norsteel-Buildings.jpg&quot;,&quot;height&quot;:550,&quot;width&quot;:800,&quot;orientation&quot;:&quot;landscape&quot;}}\" width=\"800\" height=\"550\"><\/span><span><img decoding=\"async\" alt=\"St Louis Norsteel Buildings\" data-id=\"165\" title=\"\" src=\"https:\/\/norsteel.thedev.ca\/wp-content\/uploads\/2021\/05\/St-Louis-Norsteel-Buildings-300x206.jpg\" data-src=\"https:\/\/norsteel.thedev.ca\/wp-content\/uploads\/2021\/05\/St-Louis-Norsteel-Buildings.jpg\" loading=\"lazy\" data-sizes=\"{&quot;thumbnail&quot;:{&quot;height&quot;:150,&quot;width&quot;:150,&quot;url&quot;:&quot;https:\/\/norsteel.thedev.ca\/wp-content\/uploads\/2021\/05\/St-Louis-Norsteel-Buildings-150x150.jpg&quot;,&quot;orientation&quot;:&quot;landscape&quot;},&quot;medium&quot;:{&quot;height&quot;:206,&quot;width&quot;:300,&quot;url&quot;:&quot;https:\/\/norsteel.thedev.ca\/wp-content\/uploads\/2021\/05\/St-Louis-Norsteel-Buildings-300x206.jpg&quot;,&quot;orientation&quot;:&quot;landscape&quot;},&quot;full&quot;:{&quot;url&quot;:&quot;https:\/\/norsteel.thedev.ca\/wp-content\/uploads\/2021\/05\/St-Louis-Norsteel-Buildings.jpg&quot;,&quot;height&quot;:550,&quot;width&quot;:800,&quot;orientation&quot;:&quot;landscape&quot;}}\" width=\"800\" height=\"550\"><\/span><\/p>\n<p style=\"text-align: center;\"><strong>L\u2019acier est le choix parfait pour maximiser la rentabilit\u00e9 des b\u00e2timents commerciaux et fournir un entretien minime, une dur\u00e9e de construction plus rapide et un environnement agr\u00e9able pour les clients.<\/strong><\/p>\n<h3 style=\"\"><span>L\u2019avantage<strong> Norsteel<\/strong><\/span><\/h3>\n<p style=\"\">L\u2019acier est le choix id\u00e9al pour les b\u00e2timents commerciaux modernes car il procure plusieurs avantages importants par rapport \u00e0 d\u2019autres mat\u00e9riaux de construction ordinaires tels que le bois ou la ma\u00e7onnerie.<\/p>\n<p style=\"\"><strong>Co\u00fbt r\u00e9duit<\/strong><\/p>\n<p style=\"\">Nos mat\u00e9riaux pr\u00e9fabriqu\u00e9s rendent plus facile et plus rapide l\u2019assemblage des b\u00e2timents, ce qui r\u00e9duit la dur\u00e9e et les co\u00fbts de main-d\u2019\u0153uvre pour la construction. Et les frais moins \u00e9lev\u00e9s pour l\u2019entretien ajoutent une valeur suppl\u00e9mentaire.<\/p>\n<p style=\"\"><strong>Une conception personnalis\u00e9e<\/strong><\/p>\n<p style=\"\">Notre \u00e9quipe d\u2019experts en ing\u00e9nierie vous aidera \u00e0 concevoir le b\u00e2timent commercial qu\u2019il vous faut. Et, selon l\u2019emplacement, vous pourrez toujours agrandir ou modifier la structure \u00e0 l\u2019avenir.<\/p>\n<p style=\"\"><strong>Viabilit\u00e9 \u00e9cologique<\/strong><\/p>\n<p style=\"\">L\u2019acier utilis\u00e9 dans les b\u00e2timents Norsteel est pratiquement recyclable \u00e0 100 %, ce qui le rend \u00e9conomique et moins d\u00e9pendant des ressources naturelles pr\u00e9cieuses.<\/p>\n<p style=\"\"><strong>Tranquillit\u00e9 d\u2019esprit<\/strong><\/p>\n<p style=\"\">Les b\u00e2timents en acier sont sans danger et s\u00e9curitaires et abritent parfaitement vote \u00e9quipement et vos stocks, ce qui garantit que votre entreprise est bien prot\u00e9g\u00e9e.<\/p>\n<p><span><img decoding=\"async\" alt=\"Commercial Buildings for Restaurants\" data-id=\"168\" data-init-width=\"400\" data-init-height=\"497\" title=\"\" loading=\"lazy\" src=\"https:\/\/norsteel.thedev.ca\/wp-content\/uploads\/2021\/05\/Commercial-Buildings-Restaurant.jpg\" data-width=\"350\" data-height=\"435\" style=\"\" width=\"350\" height=\"435\"><\/span><\/p>\n","protected":false},"excerpt":{"rendered":"<p>Types de b\u00e2timents commerciaux Les b\u00e2timents commerciaux comprennent les restaurants, magasins de d\u00e9tail, ateliers de r\u00e9parations, d\u00e9panneurs, concessionnaires automobiles et bien d\u2019autres types de commerces servant le public ou d\u2019autres entreprises. La s\u00e9curit\u00e9 et le rangement sans danger des mat\u00e9riaux et de l\u2019\u00e9quipement sont indispensables pour la sant\u00e9 de ces entreprises. Les b\u00e2timents commerciaux en [&hellip;]<\/p>\n","protected":false},"author":10,"featured_media":150,"parent":0,"menu_order":0,"comment_status":"closed","ping_status":"closed","template":"","meta":{"_mbp_gutenberg_autopost":false,"footnotes":""},"wf_page_folders":[],"class_list":["post-6021","page","type-page","status-publish","has-post-thumbnail","hentry","post-wrapper","thrv_wrapper"],"yoast_head":"<!-- This site is optimized with the Yoast SEO plugin v21.9 - https:\/\/yoast.com\/wordpress\/plugins\/seo\/ -->\n<title>B\u00e2timent Commerciaux | Norsteel Buildings<\/title>\n<meta name=\"robots\" content=\"noindex, follow, max-snippet:-1, max-image-preview:large, max-video-preview:-1\" \/>\n<meta property=\"og:locale\" content=\"fr_FR\" \/>\n<meta property=\"og:type\" content=\"article\" \/>\n<meta property=\"og:title\" content=\"B\u00e2timent Commerciaux | Norsteel Buildings\" \/>\n<meta property=\"og:description\" content=\"Types de b\u00e2timents commerciaux Les b\u00e2timents commerciaux comprennent les restaurants, magasins de d\u00e9tail, ateliers de r\u00e9parations, d\u00e9panneurs, concessionnaires automobiles et bien d\u2019autres types de commerces servant le public ou d\u2019autres entreprises. La s\u00e9curit\u00e9 et le rangement sans danger des mat\u00e9riaux et de l\u2019\u00e9quipement sont indispensables pour la sant\u00e9 de ces entreprises. Les b\u00e2timents commerciaux en [&hellip;]\" \/>\n<meta property=\"og:url\" content=\"https:\/\/norsteel.thedev.ca\/fr\/commerciaux\/\" \/>\n<meta property=\"og:site_name\" content=\"Norsteel Buildings\" \/>\n<meta property=\"article:publisher\" content=\"https:\/\/www.facebook.com\/NorsteelBuildings\" \/>\n<meta property=\"article:modified_time\" content=\"2021-08-25T20:28:27+00:00\" \/>\n<meta property=\"og:image\" content=\"https:\/\/norsteel.thedev.ca\/wp-content\/uploads\/2021\/05\/Commercial-Buildings-Header-Resized-min.jpg\" \/>\n\t<meta property=\"og:image:width\" content=\"1920\" \/>\n\t<meta property=\"og:image:height\" content=\"1080\" \/>\n\t<meta property=\"og:image:type\" content=\"image\/jpeg\" \/>\n<meta name=\"twitter:card\" content=\"summary_large_image\" \/>\n<meta name=\"twitter:site\" content=\"@norsteel\" \/>\n<meta name=\"twitter:label1\" content=\"Dur\u00e9e de lecture estim\u00e9e\" \/>\n\t<meta name=\"twitter:data1\" content=\"4 minutes\" \/>\n<!-- \/ Yoast SEO plugin. -->","yoast_head_json":{"title":"B\u00e2timent Commerciaux | Norsteel Buildings","robots":{"index":"noindex","follow":"follow","max-snippet":"max-snippet:-1","max-image-preview":"max-image-preview:large","max-video-preview":"max-video-preview:-1"},"og_locale":"fr_FR","og_type":"article","og_title":"B\u00e2timent Commerciaux | Norsteel Buildings","og_description":"Types de b\u00e2timents commerciaux Les b\u00e2timents commerciaux comprennent les restaurants, magasins de d\u00e9tail, ateliers de r\u00e9parations, d\u00e9panneurs, concessionnaires automobiles et bien d\u2019autres types de commerces servant le public ou d\u2019autres entreprises. La s\u00e9curit\u00e9 et le rangement sans danger des mat\u00e9riaux et de l\u2019\u00e9quipement sont indispensables pour la sant\u00e9 de ces entreprises. Les b\u00e2timents commerciaux en [&hellip;]","og_url":"https:\/\/norsteel.thedev.ca\/fr\/commerciaux\/","og_site_name":"Norsteel Buildings","article_publisher":"https:\/\/www.facebook.com\/NorsteelBuildings","article_modified_time":"2021-08-25T20:28:27+00:00","og_image":[{"width":1920,"height":1080,"url":"https:\/\/norsteel.thedev.ca\/wp-content\/uploads\/2021\/05\/Commercial-Buildings-Header-Resized-min.jpg","type":"image\/jpeg"}],"twitter_card":"summary_large_image","twitter_site":"@norsteel","twitter_misc":{"Dur\u00e9e de lecture estim\u00e9e":"4 minutes"},"schema":{"@context":"https:\/\/schema.org","@graph":[{"@type":"WebPage","@id":"https:\/\/norsteel.thedev.ca\/fr\/commerciaux\/","url":"https:\/\/norsteel.thedev.ca\/fr\/commerciaux\/","name":"B\u00e2timent Commerciaux | Norsteel Buildings","isPartOf":{"@id":"https:\/\/norsteel.thedev.ca\/fr\/#website"},"datePublished":"2021-06-16T20:23:19+00:00","dateModified":"2021-08-25T20:28:27+00:00","breadcrumb":{"@id":"https:\/\/norsteel.thedev.ca\/fr\/commerciaux\/#breadcrumb"},"inLanguage":"fr-FR","potentialAction":[{"@type":"ReadAction","target":["https:\/\/norsteel.thedev.ca\/fr\/commerciaux\/"]}]},{"@type":"BreadcrumbList","@id":"https:\/\/norsteel.thedev.ca\/fr\/commerciaux\/#breadcrumb","itemListElement":[{"@type":"ListItem","position":1,"name":"Home","item":"https:\/\/norsteel.thedev.ca\/fr\/"},{"@type":"ListItem","position":2,"name":"B\u00e2timent Commerciaux"}]},{"@type":"WebSite","@id":"https:\/\/norsteel.thedev.ca\/fr\/#website","url":"https:\/\/norsteel.thedev.ca\/fr\/","name":"Norsteel Buildings","description":"Prefab and Custom Steel Buildings","publisher":{"@id":"https:\/\/norsteel.thedev.ca\/fr\/#organization"},"potentialAction":[{"@type":"SearchAction","target":{"@type":"EntryPoint","urlTemplate":"https:\/\/norsteel.thedev.ca\/fr\/?s={search_term_string}"},"query-input":"required name=search_term_string"}],"inLanguage":"fr-FR"},{"@type":"Organization","@id":"https:\/\/norsteel.thedev.ca\/fr\/#organization","name":"Norsteel Buildings","url":"https:\/\/norsteel.thedev.ca\/fr\/","logo":{"@type":"ImageObject","inLanguage":"fr-FR","@id":"https:\/\/norsteel.thedev.ca\/fr\/#\/schema\/logo\/image\/","url":"https:\/\/norsteel.thedev.ca\/wp-content\/uploads\/2021\/04\/Norsteel-Logo_600x100-min.png","contentUrl":"https:\/\/norsteel.thedev.ca\/wp-content\/uploads\/2021\/04\/Norsteel-Logo_600x100-min.png","width":600,"height":100,"caption":"Norsteel Buildings"},"image":{"@id":"https:\/\/norsteel.thedev.ca\/fr\/#\/schema\/logo\/image\/"},"sameAs":["https:\/\/www.facebook.com\/NorsteelBuildings","https:\/\/twitter.com\/norsteel","https:\/\/www.instagram.com\/norsteelbuildings\/","https:\/\/www.linkedin.com\/company\/5315830\/admin\/","https:\/\/www.pinterest.ca\/NorsteelBuildings\/_created\/","https:\/\/www.youtube.com\/channel\/UCgz7hTZ20Yt9HijDLT_EycA"]}]}},"jetpack_sharing_enabled":true,"_links":{"self":[{"href":"https:\/\/norsteel.thedev.ca\/fr\/wp-json\/wp\/v2\/pages\/6021","targetHints":{"allow":["GET"]}}],"collection":[{"href":"https:\/\/norsteel.thedev.ca\/fr\/wp-json\/wp\/v2\/pages"}],"about":[{"href":"https:\/\/norsteel.thedev.ca\/fr\/wp-json\/wp\/v2\/types\/page"}],"author":[{"embeddable":true,"href":"https:\/\/norsteel.thedev.ca\/fr\/wp-json\/wp\/v2\/users\/10"}],"replies":[{"embeddable":true,"href":"https:\/\/norsteel.thedev.ca\/fr\/wp-json\/wp\/v2\/comments?post=6021"}],"version-history":[{"count":14,"href":"https:\/\/norsteel.thedev.ca\/fr\/wp-json\/wp\/v2\/pages\/6021\/revisions"}],"predecessor-version":[{"id":6768,"href":"https:\/\/norsteel.thedev.ca\/fr\/wp-json\/wp\/v2\/pages\/6021\/revisions\/6768"}],"wp:featuredmedia":[{"embeddable":true,"href":"https:\/\/norsteel.thedev.ca\/fr\/wp-json\/wp\/v2\/media\/150"}],"wp:attachment":[{"href":"https:\/\/norsteel.thedev.ca\/fr\/wp-json\/wp\/v2\/media?parent=6021"}],"wp:term":[{"taxonomy":"wf_page_folders","embeddable":true,"href":"https:\/\/norsteel.thedev.ca\/fr\/wp-json\/wp\/v2\/wf_page_folders?post=6021"}],"curies":[{"name":"wp","href":"https:\/\/api.w.org\/{rel}","templated":true}]}}