{"id":6065,"date":"2021-06-17T16:27:33","date_gmt":"2021-06-17T20:27:33","guid":{"rendered":"https:\/\/norsteel.thedev.ca\/clone-of-sporting-arenas\/"},"modified":"2021-08-25T17:06:11","modified_gmt":"2021-08-25T21:06:11","slug":"stades-de-sport","status":"publish","type":"page","link":"https:\/\/norsteel.thedev.ca\/fr\/stades-de-sport\/","title":{"rendered":"Stades de Sport"},"content":{"rendered":"<h3 style=\"\"><span>Types de <strong>stades de sports<\/strong><\/span><\/h3>\n<p style=\"\">L\u2019acier est le choix id\u00e9al &nbsp;pour toute une gamme de stades de sports int\u00e9rieurs : ar\u00e8nes de hockey, centres \u00e9questres, terrains de soccer int\u00e9rieur\u2026 Il procure climatisation et s\u00e9curit\u00e9 physique, ainsi que des options pour personnaliser &nbsp;les installations selon les besoins. Nos stades sont faits pour durer. Ils r\u00e9duisent aussi les co\u00fbts \u00e0 long terme car ils exigent moins d\u2019entretien que des b\u00e2timents en d\u2019autres mat\u00e9riaux.<\/p>\n<h3 style=\"text-align: center;\"><span>Projets de <strong>stades de sports<\/strong><\/span><\/h3>\n<p><span><img decoding=\"async\" alt=\"Interior image of a prefab steel building used as a gym facility\" data-id=\"406\" title=\"\" src=\"https:\/\/norsteel.thedev.ca\/wp-content\/uploads\/2021\/05\/Sporting-Arenas-1-300x206.jpg\" data-src=\"https:\/\/norsteel.thedev.ca\/wp-content\/uploads\/2021\/05\/Sporting-Arenas-1.jpg\" loading=\"lazy\" data-sizes=\"{&quot;thumbnail&quot;:{&quot;height&quot;:150,&quot;width&quot;:150,&quot;url&quot;:&quot;https:\/\/norsteel.thedev.ca\/wp-content\/uploads\/2021\/05\/Sporting-Arenas-1-150x150.jpg&quot;,&quot;orientation&quot;:&quot;landscape&quot;},&quot;medium&quot;:{&quot;height&quot;:206,&quot;width&quot;:300,&quot;url&quot;:&quot;https:\/\/norsteel.thedev.ca\/wp-content\/uploads\/2021\/05\/Sporting-Arenas-1-300x206.jpg&quot;,&quot;orientation&quot;:&quot;landscape&quot;},&quot;full&quot;:{&quot;url&quot;:&quot;https:\/\/norsteel.thedev.ca\/wp-content\/uploads\/2021\/05\/Sporting-Arenas-1.jpg&quot;,&quot;height&quot;:550,&quot;width&quot;:800,&quot;orientation&quot;:&quot;landscape&quot;}}\" width=\"800\" height=\"550\"><\/span><span><img decoding=\"async\" alt=\"Advantages of Pre-engineered Steel Buildings - Low Maintenance Sporting Arenas_2\" data-id=\"407\" title=\"\" src=\"https:\/\/norsteel.thedev.ca\/wp-content\/uploads\/2021\/05\/Sporting-Arenas-2-300x206.jpg\" data-src=\"https:\/\/norsteel.thedev.ca\/wp-content\/uploads\/2021\/05\/Sporting-Arenas-2.jpg\" loading=\"lazy\" data-sizes=\"{&quot;thumbnail&quot;:{&quot;height&quot;:150,&quot;width&quot;:150,&quot;url&quot;:&quot;https:\/\/norsteel.thedev.ca\/wp-content\/uploads\/2021\/05\/Sporting-Arenas-2-150x150.jpg&quot;,&quot;orientation&quot;:&quot;landscape&quot;},&quot;medium&quot;:{&quot;height&quot;:206,&quot;width&quot;:300,&quot;url&quot;:&quot;https:\/\/norsteel.thedev.ca\/wp-content\/uploads\/2021\/05\/Sporting-Arenas-2-300x206.jpg&quot;,&quot;orientation&quot;:&quot;landscape&quot;},&quot;full&quot;:{&quot;url&quot;:&quot;https:\/\/norsteel.thedev.ca\/wp-content\/uploads\/2021\/05\/Sporting-Arenas-2.jpg&quot;,&quot;height&quot;:550,&quot;width&quot;:800,&quot;orientation&quot;:&quot;landscape&quot;}}\" width=\"800\" height=\"550\"><\/span><span><img decoding=\"async\" alt=\"Interior image showing hockey players skating in a steel prefab sporting arena\" data-id=\"408\" title=\"\" src=\"https:\/\/norsteel.thedev.ca\/wp-content\/uploads\/2021\/05\/Sporting-Arenas-3-300x206.jpg\" data-src=\"https:\/\/norsteel.thedev.ca\/wp-content\/uploads\/2021\/05\/Sporting-Arenas-3.jpg\" loading=\"lazy\" data-sizes=\"{&quot;thumbnail&quot;:{&quot;height&quot;:150,&quot;width&quot;:150,&quot;url&quot;:&quot;https:\/\/norsteel.thedev.ca\/wp-content\/uploads\/2021\/05\/Sporting-Arenas-3-150x150.jpg&quot;,&quot;orientation&quot;:&quot;landscape&quot;},&quot;medium&quot;:{&quot;height&quot;:206,&quot;width&quot;:300,&quot;url&quot;:&quot;https:\/\/norsteel.thedev.ca\/wp-content\/uploads\/2021\/05\/Sporting-Arenas-3-300x206.jpg&quot;,&quot;orientation&quot;:&quot;landscape&quot;},&quot;full&quot;:{&quot;url&quot;:&quot;https:\/\/norsteel.thedev.ca\/wp-content\/uploads\/2021\/05\/Sporting-Arenas-3.jpg&quot;,&quot;height&quot;:550,&quot;width&quot;:800,&quot;orientation&quot;:&quot;landscape&quot;}}\" width=\"800\" height=\"550\"><\/span><span><img decoding=\"async\" alt=\"Interior image of a prefab steel hockey arena viewing from upper floor steel mezzanine\" data-id=\"412\" title=\"\" src=\"https:\/\/norsteel.thedev.ca\/wp-content\/uploads\/2021\/05\/Sporting-Arenas-7-300x206.jpg\" data-src=\"https:\/\/norsteel.thedev.ca\/wp-content\/uploads\/2021\/05\/Sporting-Arenas-7.jpg\" loading=\"lazy\" data-sizes=\"{&quot;thumbnail&quot;:{&quot;height&quot;:150,&quot;width&quot;:150,&quot;url&quot;:&quot;https:\/\/norsteel.thedev.ca\/wp-content\/uploads\/2021\/05\/Sporting-Arenas-7-150x150.jpg&quot;,&quot;orientation&quot;:&quot;landscape&quot;},&quot;medium&quot;:{&quot;height&quot;:206,&quot;width&quot;:300,&quot;url&quot;:&quot;https:\/\/norsteel.thedev.ca\/wp-content\/uploads\/2021\/05\/Sporting-Arenas-7-300x206.jpg&quot;,&quot;orientation&quot;:&quot;landscape&quot;},&quot;full&quot;:{&quot;url&quot;:&quot;https:\/\/norsteel.thedev.ca\/wp-content\/uploads\/2021\/05\/Sporting-Arenas-7.jpg&quot;,&quot;height&quot;:550,&quot;width&quot;:800,&quot;orientation&quot;:&quot;landscape&quot;}}\" width=\"800\" height=\"550\"><\/span><span><img decoding=\"async\" alt=\"Interior of a prefab steel riding sporting arena with translucent panels and steel rigid frames\" data-id=\"409\" title=\"\" src=\"https:\/\/norsteel.thedev.ca\/wp-content\/uploads\/2021\/05\/Sporting-Arenas-4-300x206.jpg\" data-src=\"https:\/\/norsteel.thedev.ca\/wp-content\/uploads\/2021\/05\/Sporting-Arenas-4.jpg\" loading=\"lazy\" data-sizes=\"{&quot;thumbnail&quot;:{&quot;height&quot;:150,&quot;width&quot;:150,&quot;url&quot;:&quot;https:\/\/norsteel.thedev.ca\/wp-content\/uploads\/2021\/05\/Sporting-Arenas-4-150x150.jpg&quot;,&quot;orientation&quot;:&quot;landscape&quot;},&quot;medium&quot;:{&quot;height&quot;:206,&quot;width&quot;:300,&quot;url&quot;:&quot;https:\/\/norsteel.thedev.ca\/wp-content\/uploads\/2021\/05\/Sporting-Arenas-4-300x206.jpg&quot;,&quot;orientation&quot;:&quot;landscape&quot;},&quot;full&quot;:{&quot;url&quot;:&quot;https:\/\/norsteel.thedev.ca\/wp-content\/uploads\/2021\/05\/Sporting-Arenas-4.jpg&quot;,&quot;height&quot;:550,&quot;width&quot;:800,&quot;orientation&quot;:&quot;landscape&quot;}}\" width=\"800\" height=\"550\"><\/span><span><img decoding=\"async\" alt=\"Interior of a prefab steel riding sporting arena with translucent panels and steel rigid frames\" data-id=\"410\" title=\"\" src=\"https:\/\/norsteel.thedev.ca\/wp-content\/uploads\/2021\/05\/Sporting-Arenas-5-300x206.jpg\" data-src=\"https:\/\/norsteel.thedev.ca\/wp-content\/uploads\/2021\/05\/Sporting-Arenas-5.jpg\" loading=\"lazy\" data-sizes=\"{&quot;thumbnail&quot;:{&quot;height&quot;:150,&quot;width&quot;:150,&quot;url&quot;:&quot;https:\/\/norsteel.thedev.ca\/wp-content\/uploads\/2021\/05\/Sporting-Arenas-5-150x150.jpg&quot;,&quot;orientation&quot;:&quot;landscape&quot;},&quot;medium&quot;:{&quot;height&quot;:206,&quot;width&quot;:300,&quot;url&quot;:&quot;https:\/\/norsteel.thedev.ca\/wp-content\/uploads\/2021\/05\/Sporting-Arenas-5-300x206.jpg&quot;,&quot;orientation&quot;:&quot;landscape&quot;},&quot;full&quot;:{&quot;url&quot;:&quot;https:\/\/norsteel.thedev.ca\/wp-content\/uploads\/2021\/05\/Sporting-Arenas-5.jpg&quot;,&quot;height&quot;:550,&quot;width&quot;:800,&quot;orientation&quot;:&quot;landscape&quot;}}\" width=\"800\" height=\"550\"><\/span><span><img decoding=\"async\" alt=\"Advantages of Pre-engineered Steel sporting arena Buildings\" data-id=\"411\" title=\"\" src=\"https:\/\/norsteel.thedev.ca\/wp-content\/uploads\/2021\/05\/Sporting-Arenas-6-300x206.jpg\" data-src=\"https:\/\/norsteel.thedev.ca\/wp-content\/uploads\/2021\/05\/Sporting-Arenas-6.jpg\" loading=\"lazy\" data-sizes=\"{&quot;thumbnail&quot;:{&quot;height&quot;:150,&quot;width&quot;:150,&quot;url&quot;:&quot;https:\/\/norsteel.thedev.ca\/wp-content\/uploads\/2021\/05\/Sporting-Arenas-6-150x150.jpg&quot;,&quot;orientation&quot;:&quot;landscape&quot;},&quot;medium&quot;:{&quot;height&quot;:206,&quot;width&quot;:300,&quot;url&quot;:&quot;https:\/\/norsteel.thedev.ca\/wp-content\/uploads\/2021\/05\/Sporting-Arenas-6-300x206.jpg&quot;,&quot;orientation&quot;:&quot;landscape&quot;},&quot;full&quot;:{&quot;url&quot;:&quot;https:\/\/norsteel.thedev.ca\/wp-content\/uploads\/2021\/05\/Sporting-Arenas-6.jpg&quot;,&quot;height&quot;:550,&quot;width&quot;:800,&quot;orientation&quot;:&quot;landscape&quot;}}\" width=\"800\" height=\"550\"><\/span><span><img decoding=\"async\" alt=\"Pre-engineered Metal Sporting Arena\" data-id=\"405\" title=\"\" src=\"https:\/\/norsteel.thedev.ca\/wp-content\/uploads\/2021\/05\/Sporting-Arenas-8-resized-min-300x206.jpg\" data-src=\"https:\/\/norsteel.thedev.ca\/wp-content\/uploads\/2021\/05\/Sporting-Arenas-8-resized-min.jpg\" loading=\"lazy\" data-sizes=\"{&quot;thumbnail&quot;:{&quot;height&quot;:150,&quot;width&quot;:150,&quot;url&quot;:&quot;https:\/\/norsteel.thedev.ca\/wp-content\/uploads\/2021\/05\/Sporting-Arenas-8-resized-min-150x150.jpg&quot;,&quot;orientation&quot;:&quot;landscape&quot;},&quot;medium&quot;:{&quot;height&quot;:206,&quot;width&quot;:300,&quot;url&quot;:&quot;https:\/\/norsteel.thedev.ca\/wp-content\/uploads\/2021\/05\/Sporting-Arenas-8-resized-min-300x206.jpg&quot;,&quot;orientation&quot;:&quot;landscape&quot;},&quot;full&quot;:{&quot;url&quot;:&quot;https:\/\/norsteel.thedev.ca\/wp-content\/uploads\/2021\/05\/Sporting-Arenas-8-resized-min.jpg&quot;,&quot;height&quot;:550,&quot;width&quot;:800,&quot;orientation&quot;:&quot;landscape&quot;}}\" width=\"800\" height=\"550\"><\/span><\/p>\n<p style=\"text-align: center;\"><strong><strong><strong><strong><strong><strong>Avec les stades de sports en acier, les fans et les athl\u00e8tes peuvent profiter de leurs passions dans des environnements personnalis\u00e9s confortables, s\u00e9curitaires et solides, et qui conserveront leur bel aspect pendant des ann\u00e9es.<\/strong><\/strong><\/strong><\/strong><\/strong><\/strong><\/p>\n<h3 style=\"\"><span>L\u2019avantage <strong>Norsteel<\/strong><\/span><\/h3>\n<p style=\"\">L\u2019acier est le choix id\u00e9al pour les b\u00e2timents commerciaux modernes car il procure plusieurs avantages importants par rapport \u00e0 d\u2019autres mat\u00e9riaux de construction ordinaires tels que le bois ou la ma\u00e7onnerie.<\/p>\n<p style=\"\"><strong>Co\u00fbt r\u00e9duit<\/strong><\/p>\n<p style=\"\">Nos mat\u00e9riaux pr\u00e9fabriqu\u00e9s rendent plus facile et plus rapide l\u2019assemblage des b\u00e2timents, ce qui r\u00e9duit la dur\u00e9e et les co\u00fbts de main-d\u2019\u0153uvre pour la construction. Et les frais moins \u00e9lev\u00e9s pour l\u2019entretien ajoutent une valeur suppl\u00e9mentaire.<\/p>\n<p style=\"\"><strong>Une conception personnalis\u00e9e<\/strong><\/p>\n<p style=\"\">Notre \u00e9quipe d\u2019experts en ing\u00e9nierie vous aidera \u00e0 concevoir le b\u00e2timent commercial qu\u2019il vous faut. Et, selon l\u2019emplacement, vous pourrez toujours agrandir ou modifier la structure \u00e0 l\u2019avenir.<\/p>\n<p style=\"\"><strong>Viabilit\u00e9 \u00e9cologique<\/strong><\/p>\n<p style=\"\">L\u2019acier utilis\u00e9 dans les b\u00e2timents Norsteel est pratiquement recyclable \u00e0 100 %, ce qui le rend \u00e9conomique et moins d\u00e9pendant des ressources naturelles pr\u00e9cieuses.<\/p>\n<p style=\"\"><strong>Tranquillit\u00e9 d\u2019esprit<\/strong><\/p>\n<p style=\"\">Les b\u00e2timents en acier sont sans danger et s\u00e9curitaires et abritent parfaitement vote \u00e9quipement et vos stocks, ce qui garantit que votre entreprise est bien prot\u00e9g\u00e9e.<\/p>\n<p><span><img decoding=\"async\" alt=\"Sporting Arenas by Norsteel\" data-id=\"402\" data-init-width=\"700\" data-init-height=\"1053\" title=\"\" loading=\"lazy\" src=\"https:\/\/norsteel.thedev.ca\/wp-content\/uploads\/2021\/05\/Sporting-Arenas-User.jpg\" data-width=\"300\" data-height=\"451\" style=\"\" width=\"300\" height=\"451\"><\/span><\/p>\n","protected":false},"excerpt":{"rendered":"<p>Types de stades de sports L\u2019acier est le choix id\u00e9al &nbsp;pour toute une gamme de stades de sports int\u00e9rieurs : ar\u00e8nes de hockey, centres \u00e9questres, terrains de soccer int\u00e9rieur\u2026 Il procure climatisation et s\u00e9curit\u00e9 physique, ainsi que des options pour personnaliser &nbsp;les installations selon les besoins. Nos stades sont faits pour durer. Ils r\u00e9duisent aussi [&hellip;]<\/p>\n","protected":false},"author":10,"featured_media":400,"parent":0,"menu_order":0,"comment_status":"closed","ping_status":"closed","template":"","meta":{"_mbp_gutenberg_autopost":false,"footnotes":""},"wf_page_folders":[],"class_list":["post-6065","page","type-page","status-publish","has-post-thumbnail","hentry","post-wrapper","thrv_wrapper"],"yoast_head":"<!-- This site is optimized with the Yoast SEO plugin v21.9 - https:\/\/yoast.com\/wordpress\/plugins\/seo\/ -->\n<title>Stades de Sport | Norsteel Buildings<\/title>\n<meta name=\"robots\" content=\"noindex, follow, max-snippet:-1, max-image-preview:large, max-video-preview:-1\" \/>\n<meta property=\"og:locale\" content=\"fr_FR\" \/>\n<meta property=\"og:type\" content=\"article\" \/>\n<meta property=\"og:title\" content=\"Stades de Sport | Norsteel Buildings\" \/>\n<meta property=\"og:description\" content=\"Types de stades de sports L\u2019acier est le choix id\u00e9al &nbsp;pour toute une gamme de stades de sports int\u00e9rieurs : ar\u00e8nes de hockey, centres \u00e9questres, terrains de soccer int\u00e9rieur\u2026 Il procure climatisation et s\u00e9curit\u00e9 physique, ainsi que des options pour personnaliser &nbsp;les installations selon les besoins. Nos stades sont faits pour durer. Ils r\u00e9duisent aussi [&hellip;]\" \/>\n<meta property=\"og:url\" content=\"https:\/\/norsteel.thedev.ca\/fr\/stades-de-sport\/\" \/>\n<meta property=\"og:site_name\" content=\"Norsteel Buildings\" \/>\n<meta property=\"article:publisher\" content=\"https:\/\/www.facebook.com\/NorsteelBuildings\" \/>\n<meta property=\"article:modified_time\" content=\"2021-08-25T21:06:11+00:00\" \/>\n<meta property=\"og:image\" content=\"https:\/\/norsteel.thedev.ca\/wp-content\/uploads\/2021\/05\/Sporting-Arenas-Header.jpg\" \/>\n\t<meta property=\"og:image:width\" content=\"1009\" \/>\n\t<meta property=\"og:image:height\" content=\"498\" \/>\n\t<meta property=\"og:image:type\" content=\"image\/jpeg\" \/>\n<meta name=\"twitter:card\" content=\"summary_large_image\" \/>\n<meta name=\"twitter:site\" content=\"@norsteel\" \/>\n<meta name=\"twitter:label1\" content=\"Dur\u00e9e de lecture estim\u00e9e\" \/>\n\t<meta name=\"twitter:data1\" content=\"4 minutes\" \/>\n<!-- \/ Yoast SEO plugin. -->","yoast_head_json":{"title":"Stades de Sport | Norsteel Buildings","robots":{"index":"noindex","follow":"follow","max-snippet":"max-snippet:-1","max-image-preview":"max-image-preview:large","max-video-preview":"max-video-preview:-1"},"og_locale":"fr_FR","og_type":"article","og_title":"Stades de Sport | Norsteel Buildings","og_description":"Types de stades de sports L\u2019acier est le choix id\u00e9al &nbsp;pour toute une gamme de stades de sports int\u00e9rieurs : ar\u00e8nes de hockey, centres \u00e9questres, terrains de soccer int\u00e9rieur\u2026 Il procure climatisation et s\u00e9curit\u00e9 physique, ainsi que des options pour personnaliser &nbsp;les installations selon les besoins. Nos stades sont faits pour durer. Ils r\u00e9duisent aussi [&hellip;]","og_url":"https:\/\/norsteel.thedev.ca\/fr\/stades-de-sport\/","og_site_name":"Norsteel Buildings","article_publisher":"https:\/\/www.facebook.com\/NorsteelBuildings","article_modified_time":"2021-08-25T21:06:11+00:00","og_image":[{"width":1009,"height":498,"url":"https:\/\/norsteel.thedev.ca\/wp-content\/uploads\/2021\/05\/Sporting-Arenas-Header.jpg","type":"image\/jpeg"}],"twitter_card":"summary_large_image","twitter_site":"@norsteel","twitter_misc":{"Dur\u00e9e de lecture estim\u00e9e":"4 minutes"},"schema":{"@context":"https:\/\/schema.org","@graph":[{"@type":"WebPage","@id":"https:\/\/norsteel.thedev.ca\/fr\/stades-de-sport\/","url":"https:\/\/norsteel.thedev.ca\/fr\/stades-de-sport\/","name":"Stades de Sport | Norsteel Buildings","isPartOf":{"@id":"https:\/\/norsteel.thedev.ca\/fr\/#website"},"datePublished":"2021-06-17T20:27:33+00:00","dateModified":"2021-08-25T21:06:11+00:00","breadcrumb":{"@id":"https:\/\/norsteel.thedev.ca\/fr\/stades-de-sport\/#breadcrumb"},"inLanguage":"fr-FR","potentialAction":[{"@type":"ReadAction","target":["https:\/\/norsteel.thedev.ca\/fr\/stades-de-sport\/"]}]},{"@type":"BreadcrumbList","@id":"https:\/\/norsteel.thedev.ca\/fr\/stades-de-sport\/#breadcrumb","itemListElement":[{"@type":"ListItem","position":1,"name":"Home","item":"https:\/\/norsteel.thedev.ca\/fr\/"},{"@type":"ListItem","position":2,"name":"Stades de Sport"}]},{"@type":"WebSite","@id":"https:\/\/norsteel.thedev.ca\/fr\/#website","url":"https:\/\/norsteel.thedev.ca\/fr\/","name":"Norsteel Buildings","description":"Prefab and Custom Steel Buildings","publisher":{"@id":"https:\/\/norsteel.thedev.ca\/fr\/#organization"},"potentialAction":[{"@type":"SearchAction","target":{"@type":"EntryPoint","urlTemplate":"https:\/\/norsteel.thedev.ca\/fr\/?s={search_term_string}"},"query-input":"required name=search_term_string"}],"inLanguage":"fr-FR"},{"@type":"Organization","@id":"https:\/\/norsteel.thedev.ca\/fr\/#organization","name":"Norsteel Buildings","url":"https:\/\/norsteel.thedev.ca\/fr\/","logo":{"@type":"ImageObject","inLanguage":"fr-FR","@id":"https:\/\/norsteel.thedev.ca\/fr\/#\/schema\/logo\/image\/","url":"https:\/\/norsteel.thedev.ca\/wp-content\/uploads\/2021\/04\/Norsteel-Logo_600x100-min.png","contentUrl":"https:\/\/norsteel.thedev.ca\/wp-content\/uploads\/2021\/04\/Norsteel-Logo_600x100-min.png","width":600,"height":100,"caption":"Norsteel Buildings"},"image":{"@id":"https:\/\/norsteel.thedev.ca\/fr\/#\/schema\/logo\/image\/"},"sameAs":["https:\/\/www.facebook.com\/NorsteelBuildings","https:\/\/twitter.com\/norsteel","https:\/\/www.instagram.com\/norsteelbuildings\/","https:\/\/www.linkedin.com\/company\/5315830\/admin\/","https:\/\/www.pinterest.ca\/NorsteelBuildings\/_created\/","https:\/\/www.youtube.com\/channel\/UCgz7hTZ20Yt9HijDLT_EycA"]}]}},"jetpack_sharing_enabled":true,"_links":{"self":[{"href":"https:\/\/norsteel.thedev.ca\/fr\/wp-json\/wp\/v2\/pages\/6065","targetHints":{"allow":["GET"]}}],"collection":[{"href":"https:\/\/norsteel.thedev.ca\/fr\/wp-json\/wp\/v2\/pages"}],"about":[{"href":"https:\/\/norsteel.thedev.ca\/fr\/wp-json\/wp\/v2\/types\/page"}],"author":[{"embeddable":true,"href":"https:\/\/norsteel.thedev.ca\/fr\/wp-json\/wp\/v2\/users\/10"}],"replies":[{"embeddable":true,"href":"https:\/\/norsteel.thedev.ca\/fr\/wp-json\/wp\/v2\/comments?post=6065"}],"version-history":[{"count":10,"href":"https:\/\/norsteel.thedev.ca\/fr\/wp-json\/wp\/v2\/pages\/6065\/revisions"}],"predecessor-version":[{"id":6798,"href":"https:\/\/norsteel.thedev.ca\/fr\/wp-json\/wp\/v2\/pages\/6065\/revisions\/6798"}],"wp:featuredmedia":[{"embeddable":true,"href":"https:\/\/norsteel.thedev.ca\/fr\/wp-json\/wp\/v2\/media\/400"}],"wp:attachment":[{"href":"https:\/\/norsteel.thedev.ca\/fr\/wp-json\/wp\/v2\/media?parent=6065"}],"wp:term":[{"taxonomy":"wf_page_folders","embeddable":true,"href":"https:\/\/norsteel.thedev.ca\/fr\/wp-json\/wp\/v2\/wf_page_folders?post=6065"}],"curies":[{"name":"wp","href":"https:\/\/api.w.org\/{rel}","templated":true}]}}