{"id":6070,"date":"2021-06-17T16:53:59","date_gmt":"2021-06-17T20:53:59","guid":{"rendered":"https:\/\/norsteel.thedev.ca\/clone-of-prefab-steel-building-kits\/"},"modified":"2021-08-25T17:31:40","modified_gmt":"2021-08-25T21:31:40","slug":"batiments-prefabriques-en-acier","status":"publish","type":"page","link":"https:\/\/norsteel.thedev.ca\/fr\/batiments-prefabriques-en-acier\/","title":{"rendered":"B\u00e2timents Pr\u00e9fabriqu\u00e9s en Acier"},"content":{"rendered":"<h3 style=\"\"><span>Types de <strong>b\u00e2timents pr\u00e9fabriqu\u00e9s en acier<\/strong><\/span><\/h3>\n<p>Nos b\u00e2timents pr\u00e9fabriqu\u00e9s en acier <em>EasyBuild<\/em>, ainsi que nos ensembles de fondation compl\u00e9mentaires, sont la solution id\u00e9ale pour les bricoleurs. <\/p>\n<p style=\"\">Parfaits pour les garages, ateliers, abris d\u2019entreposage, installations commerciales et m\u00eame industrielles, nos b\u00e2timents pr\u00e9fabriqu\u00e9s en acier <em>EasyBuild<\/em> procurent valeur, r\u00e9sistance, durabilit\u00e9 et facilit\u00e9 de montage pour les d\u00e9butants en construction. Chaque abri est enti\u00e8rement personnalisable et utilise des pi\u00e8ces l\u00e9g\u00e8res hautes performances, d\u00e9j\u00e0 boulonn\u00e9es, et qui ne n\u00e9cessitent aucun \u00e9quipement lourd ou sp\u00e9cial pour leur assemblage.<\/p>\n<p style=\"\">Nos abris <em>EasyBuild<\/em> sont propos\u00e9s en 12 options de couleur et s\u2019accompagnent de garanties sup\u00e9rieures dans l\u2019industrie. Avec un b\u00e2timent pr\u00e9fabriqu\u00e9 en acier <em>EasyBuild<\/em>, Norsteel vous facilite la t\u00e2che pour obtenir la structure de vos r\u00eaves.<\/p>\n<h3 style=\"text-align: center;\"><span>Projets de <strong>b\u00e2timents pr\u00e9fabriqu\u00e9s en acier<\/strong><\/span><\/h3>\n<p><span><img decoding=\"async\" alt=\"Interior of a steel prefab recreational building\" data-id=\"592\" title=\"\" src=\"https:\/\/norsteel.thedev.ca\/wp-content\/uploads\/2021\/05\/Prefab-Building-Kits-4-300x206.jpg\" data-src=\"https:\/\/norsteel.thedev.ca\/wp-content\/uploads\/2021\/05\/Prefab-Building-Kits-4.jpg\" loading=\"lazy\" data-sizes=\"{&quot;thumbnail&quot;:{&quot;height&quot;:150,&quot;width&quot;:150,&quot;url&quot;:&quot;https:\/\/norsteel.thedev.ca\/wp-content\/uploads\/2021\/05\/Prefab-Building-Kits-4-150x150.jpg&quot;,&quot;orientation&quot;:&quot;landscape&quot;},&quot;medium&quot;:{&quot;height&quot;:206,&quot;width&quot;:300,&quot;url&quot;:&quot;https:\/\/norsteel.thedev.ca\/wp-content\/uploads\/2021\/05\/Prefab-Building-Kits-4-300x206.jpg&quot;,&quot;orientation&quot;:&quot;landscape&quot;},&quot;full&quot;:{&quot;url&quot;:&quot;https:\/\/norsteel.thedev.ca\/wp-content\/uploads\/2021\/05\/Prefab-Building-Kits-4.jpg&quot;,&quot;height&quot;:550,&quot;width&quot;:800,&quot;orientation&quot;:&quot;landscape&quot;}}\" width=\"800\" height=\"550\"><\/span><span><img decoding=\"async\" alt=\"Prefab steel residential garage and shop with overhang\" data-id=\"593\" title=\"\" src=\"https:\/\/norsteel.thedev.ca\/wp-content\/uploads\/2021\/05\/Prefab-Building-Kits-5-300x206.jpg\" data-src=\"https:\/\/norsteel.thedev.ca\/wp-content\/uploads\/2021\/05\/Prefab-Building-Kits-5.jpg\" loading=\"lazy\" data-sizes=\"{&quot;thumbnail&quot;:{&quot;height&quot;:150,&quot;width&quot;:150,&quot;url&quot;:&quot;https:\/\/norsteel.thedev.ca\/wp-content\/uploads\/2021\/05\/Prefab-Building-Kits-5-150x150.jpg&quot;,&quot;orientation&quot;:&quot;landscape&quot;},&quot;medium&quot;:{&quot;height&quot;:206,&quot;width&quot;:300,&quot;url&quot;:&quot;https:\/\/norsteel.thedev.ca\/wp-content\/uploads\/2021\/05\/Prefab-Building-Kits-5-300x206.jpg&quot;,&quot;orientation&quot;:&quot;landscape&quot;},&quot;full&quot;:{&quot;url&quot;:&quot;https:\/\/norsteel.thedev.ca\/wp-content\/uploads\/2021\/05\/Prefab-Building-Kits-5.jpg&quot;,&quot;height&quot;:550,&quot;width&quot;:800,&quot;orientation&quot;:&quot;landscape&quot;}}\" width=\"800\" height=\"550\"><\/span><span><img decoding=\"async\" alt=\"Grey prefab building\" data-id=\"594\" title=\"\" src=\"https:\/\/norsteel.thedev.ca\/wp-content\/uploads\/2021\/05\/Prefab-Building-Kits-1-300x206.jpg\" data-src=\"https:\/\/norsteel.thedev.ca\/wp-content\/uploads\/2021\/05\/Prefab-Building-Kits-1.jpg\" loading=\"lazy\" data-sizes=\"{&quot;thumbnail&quot;:{&quot;height&quot;:150,&quot;width&quot;:150,&quot;url&quot;:&quot;https:\/\/norsteel.thedev.ca\/wp-content\/uploads\/2021\/05\/Prefab-Building-Kits-1-150x150.jpg&quot;,&quot;orientation&quot;:&quot;landscape&quot;},&quot;medium&quot;:{&quot;height&quot;:206,&quot;width&quot;:300,&quot;url&quot;:&quot;https:\/\/norsteel.thedev.ca\/wp-content\/uploads\/2021\/05\/Prefab-Building-Kits-1-300x206.jpg&quot;,&quot;orientation&quot;:&quot;landscape&quot;},&quot;full&quot;:{&quot;url&quot;:&quot;https:\/\/norsteel.thedev.ca\/wp-content\/uploads\/2021\/05\/Prefab-Building-Kits-1.jpg&quot;,&quot;height&quot;:550,&quot;width&quot;:800,&quot;orientation&quot;:&quot;landscape&quot;}}\" width=\"800\" height=\"550\"><\/span><span><img decoding=\"async\" alt=\"A white prefab steel building residential garage\" data-id=\"595\" title=\"\" src=\"https:\/\/norsteel.thedev.ca\/wp-content\/uploads\/2021\/05\/Prefab-Building-Kits-2-300x206.jpg\" data-src=\"https:\/\/norsteel.thedev.ca\/wp-content\/uploads\/2021\/05\/Prefab-Building-Kits-2.jpg\" loading=\"lazy\" data-sizes=\"{&quot;thumbnail&quot;:{&quot;height&quot;:150,&quot;width&quot;:150,&quot;url&quot;:&quot;https:\/\/norsteel.thedev.ca\/wp-content\/uploads\/2021\/05\/Prefab-Building-Kits-2-150x150.jpg&quot;,&quot;orientation&quot;:&quot;landscape&quot;},&quot;medium&quot;:{&quot;height&quot;:206,&quot;width&quot;:300,&quot;url&quot;:&quot;https:\/\/norsteel.thedev.ca\/wp-content\/uploads\/2021\/05\/Prefab-Building-Kits-2-300x206.jpg&quot;,&quot;orientation&quot;:&quot;landscape&quot;},&quot;full&quot;:{&quot;url&quot;:&quot;https:\/\/norsteel.thedev.ca\/wp-content\/uploads\/2021\/05\/Prefab-Building-Kits-2.jpg&quot;,&quot;height&quot;:550,&quot;width&quot;:800,&quot;orientation&quot;:&quot;landscape&quot;}}\" width=\"800\" height=\"550\"><\/span><span><img decoding=\"async\" alt=\"Red prefab steel garage kit\" data-id=\"596\" title=\"\" src=\"https:\/\/norsteel.thedev.ca\/wp-content\/uploads\/2021\/05\/Prefab-Building-Kits-3-300x206.jpg\" data-src=\"https:\/\/norsteel.thedev.ca\/wp-content\/uploads\/2021\/05\/Prefab-Building-Kits-3.jpg\" loading=\"lazy\" data-sizes=\"{&quot;thumbnail&quot;:{&quot;height&quot;:150,&quot;width&quot;:150,&quot;url&quot;:&quot;https:\/\/norsteel.thedev.ca\/wp-content\/uploads\/2021\/05\/Prefab-Building-Kits-3-150x150.jpg&quot;,&quot;orientation&quot;:&quot;landscape&quot;},&quot;medium&quot;:{&quot;height&quot;:206,&quot;width&quot;:300,&quot;url&quot;:&quot;https:\/\/norsteel.thedev.ca\/wp-content\/uploads\/2021\/05\/Prefab-Building-Kits-3-300x206.jpg&quot;,&quot;orientation&quot;:&quot;landscape&quot;},&quot;full&quot;:{&quot;url&quot;:&quot;https:\/\/norsteel.thedev.ca\/wp-content\/uploads\/2021\/05\/Prefab-Building-Kits-3.jpg&quot;,&quot;height&quot;:550,&quot;width&quot;:800,&quot;orientation&quot;:&quot;landscape&quot;}}\" width=\"800\" height=\"550\"><\/span><span><img decoding=\"async\" alt=\"Pre-Engineered Metal Garages - Steel Building Kit - 11\" data-id=\"597\" title=\"\" src=\"https:\/\/norsteel.thedev.ca\/wp-content\/uploads\/2021\/05\/Prefab-Building-Kits-8-300x200.jpg\" data-src=\"https:\/\/norsteel.thedev.ca\/wp-content\/uploads\/2021\/05\/Prefab-Building-Kits-8.jpg\" loading=\"lazy\" data-sizes=\"{&quot;thumbnail&quot;:{&quot;height&quot;:150,&quot;width&quot;:150,&quot;url&quot;:&quot;https:\/\/norsteel.thedev.ca\/wp-content\/uploads\/2021\/05\/Prefab-Building-Kits-8-150x150.jpg&quot;,&quot;orientation&quot;:&quot;landscape&quot;},&quot;medium&quot;:{&quot;height&quot;:200,&quot;width&quot;:300,&quot;url&quot;:&quot;https:\/\/norsteel.thedev.ca\/wp-content\/uploads\/2021\/05\/Prefab-Building-Kits-8-300x200.jpg&quot;,&quot;orientation&quot;:&quot;landscape&quot;},&quot;full&quot;:{&quot;url&quot;:&quot;https:\/\/norsteel.thedev.ca\/wp-content\/uploads\/2021\/05\/Prefab-Building-Kits-8.jpg&quot;,&quot;height&quot;:550,&quot;width&quot;:825,&quot;orientation&quot;:&quot;landscape&quot;}}\" width=\"825\" height=\"550\"><\/span><span><img decoding=\"async\" alt=\"A prefab steel building two-door garage\" data-id=\"598\" title=\"\" src=\"https:\/\/norsteel.thedev.ca\/wp-content\/uploads\/2021\/05\/Prefab-Building-Kits-6-300x206.jpg\" data-src=\"https:\/\/norsteel.thedev.ca\/wp-content\/uploads\/2021\/05\/Prefab-Building-Kits-6.jpg\" loading=\"lazy\" data-sizes=\"{&quot;thumbnail&quot;:{&quot;height&quot;:150,&quot;width&quot;:150,&quot;url&quot;:&quot;https:\/\/norsteel.thedev.ca\/wp-content\/uploads\/2021\/05\/Prefab-Building-Kits-6-150x150.jpg&quot;,&quot;orientation&quot;:&quot;landscape&quot;},&quot;medium&quot;:{&quot;height&quot;:206,&quot;width&quot;:300,&quot;url&quot;:&quot;https:\/\/norsteel.thedev.ca\/wp-content\/uploads\/2021\/05\/Prefab-Building-Kits-6-300x206.jpg&quot;,&quot;orientation&quot;:&quot;landscape&quot;},&quot;full&quot;:{&quot;url&quot;:&quot;https:\/\/norsteel.thedev.ca\/wp-content\/uploads\/2021\/05\/Prefab-Building-Kits-6.jpg&quot;,&quot;height&quot;:550,&quot;width&quot;:800,&quot;orientation&quot;:&quot;landscape&quot;}}\" width=\"800\" height=\"550\"><\/span><span><img decoding=\"async\" alt=\"Prefab Steel Building Residential Garage kit\" data-id=\"599\" title=\"\" src=\"https:\/\/norsteel.thedev.ca\/wp-content\/uploads\/2021\/05\/Prefab-Building-Kits-7-300x206.jpg\" data-src=\"https:\/\/norsteel.thedev.ca\/wp-content\/uploads\/2021\/05\/Prefab-Building-Kits-7.jpg\" loading=\"lazy\" data-sizes=\"{&quot;thumbnail&quot;:{&quot;height&quot;:150,&quot;width&quot;:150,&quot;url&quot;:&quot;https:\/\/norsteel.thedev.ca\/wp-content\/uploads\/2021\/05\/Prefab-Building-Kits-7-150x150.jpg&quot;,&quot;orientation&quot;:&quot;landscape&quot;},&quot;medium&quot;:{&quot;height&quot;:206,&quot;width&quot;:300,&quot;url&quot;:&quot;https:\/\/norsteel.thedev.ca\/wp-content\/uploads\/2021\/05\/Prefab-Building-Kits-7-300x206.jpg&quot;,&quot;orientation&quot;:&quot;landscape&quot;},&quot;full&quot;:{&quot;url&quot;:&quot;https:\/\/norsteel.thedev.ca\/wp-content\/uploads\/2021\/05\/Prefab-Building-Kits-7.jpg&quot;,&quot;height&quot;:540,&quot;width&quot;:786,&quot;orientation&quot;:&quot;landscape&quot;}}\" width=\"786\" height=\"540\"><\/span><\/p>\n<p style=\"text-align: center;\"><strong><strong><strong><strong><strong><strong><strong><strong><strong><strong><strong><strong>Avec les b\u00e2timents pr\u00e9fabriqu\u00e9s en acier EasyBuild de Norsteel, vous ajoutez une nouvelle dimension \u00e0 votre maison ou \u00e0 votre espace de travail. Nous vous donnons un moyen facile et abordable de b\u00e2tir la structure de vos r\u00eaves.<\/strong><strong><\/strong><\/strong><\/strong><\/strong><\/strong><\/strong><\/strong><\/strong><\/strong><\/strong><\/strong><\/strong><\/p>\n<h3 style=\"\"><span>L\u2019avantage <strong>Norsteel<\/strong><\/span><\/h3>\n<p style=\"\">L\u2019acier est le choix id\u00e9al pour les b\u00e2timents commerciaux modernes car il procure plusieurs avantages importants par rapport \u00e0 d\u2019autres mat\u00e9riaux de construction ordinaires tels que le bois ou la ma\u00e7onnerie.<\/p>\n<p><strong>Co\u00fbt r\u00e9duit<\/strong><\/p>\n<p>Nos mat\u00e9riaux pr\u00e9fabriqu\u00e9s rendent plus facile et plus rapide l\u2019assemblage des b\u00e2timents, ce qui r\u00e9duit la dur\u00e9e et les co\u00fbts de main-d\u2019\u0153uvre pour la construction. Et les frais moins \u00e9lev\u00e9s pour l\u2019entretien ajoutent une valeur suppl\u00e9mentaire.<\/p>\n<p style=\"\"><strong>Une conception personnalis\u00e9e<\/strong><\/p>\n<p style=\"\">Notre \u00e9quipe d\u2019experts en ing\u00e9nierie vous aidera \u00e0 concevoir le b\u00e2timent commercial qu\u2019il vous faut. Et, selon l\u2019emplacement, vous pourrez toujours agrandir ou modifier la structure \u00e0 l\u2019avenir.<\/p>\n<p style=\"\"><strong>Viabilit\u00e9 \u00e9cologique<\/strong><\/p>\n<p style=\"\">L\u2019acier utilis\u00e9 dans les b\u00e2timents Norsteel est pratiquement recyclable \u00e0 100 %, ce qui le rend \u00e9conomique et moins d\u00e9pendant des ressources naturelles pr\u00e9cieuses.<\/p>\n<p style=\"\"><strong>Tranquillit\u00e9 d\u2019esprit<\/strong><\/p>\n<p style=\"\">Les b\u00e2timents en acier sont sans danger et s\u00e9curitaires et abritent parfaitement vote \u00e9quipement et vos stocks, ce qui garantit que votre entreprise est bien prot\u00e9g\u00e9e.<\/p>\n<p><span><img decoding=\"async\" alt=\"Prefab steel building kits buyer\" data-id=\"590\" data-init-width=\"292\" data-init-height=\"500\" title=\"\" loading=\"lazy\" src=\"https:\/\/norsteel.thedev.ca\/wp-content\/uploads\/2021\/05\/Prefab-Building-Kits-User-Resized.jpg\" data-width=\"275\" data-height=\"471\" style=\"\" width=\"275\" height=\"471\"><\/span><\/p>\n","protected":false},"excerpt":{"rendered":"<p>Types de b\u00e2timents pr\u00e9fabriqu\u00e9s en acier Nos b\u00e2timents pr\u00e9fabriqu\u00e9s en acier EasyBuild, ainsi que nos ensembles de fondation compl\u00e9mentaires, sont la solution id\u00e9ale pour les bricoleurs. Parfaits pour les garages, ateliers, abris d\u2019entreposage, installations commerciales et m\u00eame industrielles, nos b\u00e2timents pr\u00e9fabriqu\u00e9s en acier EasyBuild procurent valeur, r\u00e9sistance, durabilit\u00e9 et facilit\u00e9 de montage pour les d\u00e9butants [&hellip;]<\/p>\n","protected":false},"author":10,"featured_media":588,"parent":0,"menu_order":0,"comment_status":"closed","ping_status":"closed","template":"","meta":{"_mbp_gutenberg_autopost":false,"footnotes":""},"wf_page_folders":[],"class_list":["post-6070","page","type-page","status-publish","has-post-thumbnail","hentry","post-wrapper","thrv_wrapper"],"yoast_head":"<!-- This site is optimized with the Yoast SEO plugin v21.9 - https:\/\/yoast.com\/wordpress\/plugins\/seo\/ -->\n<title>B\u00e2timents Pr\u00e9fabriqu\u00e9s en Acier | Norsteel Buildings<\/title>\n<meta name=\"robots\" content=\"noindex, follow, max-snippet:-1, max-image-preview:large, max-video-preview:-1\" \/>\n<meta property=\"og:locale\" content=\"fr_FR\" \/>\n<meta property=\"og:type\" content=\"article\" \/>\n<meta property=\"og:title\" content=\"B\u00e2timents Pr\u00e9fabriqu\u00e9s en Acier | Norsteel Buildings\" \/>\n<meta property=\"og:description\" content=\"Types de b\u00e2timents pr\u00e9fabriqu\u00e9s en acier Nos b\u00e2timents pr\u00e9fabriqu\u00e9s en acier EasyBuild, ainsi que nos ensembles de fondation compl\u00e9mentaires, sont la solution id\u00e9ale pour les bricoleurs. Parfaits pour les garages, ateliers, abris d\u2019entreposage, installations commerciales et m\u00eame industrielles, nos b\u00e2timents pr\u00e9fabriqu\u00e9s en acier EasyBuild procurent valeur, r\u00e9sistance, durabilit\u00e9 et facilit\u00e9 de montage pour les d\u00e9butants [&hellip;]\" \/>\n<meta property=\"og:url\" content=\"https:\/\/norsteel.thedev.ca\/fr\/batiments-prefabriques-en-acier\/\" \/>\n<meta property=\"og:site_name\" content=\"Norsteel Buildings\" \/>\n<meta property=\"article:publisher\" content=\"https:\/\/www.facebook.com\/NorsteelBuildings\" \/>\n<meta property=\"article:modified_time\" content=\"2021-08-25T21:31:40+00:00\" \/>\n<meta property=\"og:image\" content=\"https:\/\/norsteel.thedev.ca\/wp-content\/uploads\/2021\/05\/Prefab-Buildings-Kits-Header.jpg\" \/>\n\t<meta property=\"og:image:width\" content=\"1600\" \/>\n\t<meta property=\"og:image:height\" content=\"737\" \/>\n\t<meta property=\"og:image:type\" content=\"image\/jpeg\" \/>\n<meta name=\"twitter:card\" content=\"summary_large_image\" \/>\n<meta name=\"twitter:site\" content=\"@norsteel\" \/>\n<meta name=\"twitter:label1\" content=\"Dur\u00e9e de lecture estim\u00e9e\" \/>\n\t<meta name=\"twitter:data1\" content=\"4 minutes\" \/>\n<!-- \/ Yoast SEO plugin. -->","yoast_head_json":{"title":"B\u00e2timents Pr\u00e9fabriqu\u00e9s en Acier | Norsteel Buildings","robots":{"index":"noindex","follow":"follow","max-snippet":"max-snippet:-1","max-image-preview":"max-image-preview:large","max-video-preview":"max-video-preview:-1"},"og_locale":"fr_FR","og_type":"article","og_title":"B\u00e2timents Pr\u00e9fabriqu\u00e9s en Acier | Norsteel Buildings","og_description":"Types de b\u00e2timents pr\u00e9fabriqu\u00e9s en acier Nos b\u00e2timents pr\u00e9fabriqu\u00e9s en acier EasyBuild, ainsi que nos ensembles de fondation compl\u00e9mentaires, sont la solution id\u00e9ale pour les bricoleurs. Parfaits pour les garages, ateliers, abris d\u2019entreposage, installations commerciales et m\u00eame industrielles, nos b\u00e2timents pr\u00e9fabriqu\u00e9s en acier EasyBuild procurent valeur, r\u00e9sistance, durabilit\u00e9 et facilit\u00e9 de montage pour les d\u00e9butants [&hellip;]","og_url":"https:\/\/norsteel.thedev.ca\/fr\/batiments-prefabriques-en-acier\/","og_site_name":"Norsteel Buildings","article_publisher":"https:\/\/www.facebook.com\/NorsteelBuildings","article_modified_time":"2021-08-25T21:31:40+00:00","og_image":[{"width":1600,"height":737,"url":"https:\/\/norsteel.thedev.ca\/wp-content\/uploads\/2021\/05\/Prefab-Buildings-Kits-Header.jpg","type":"image\/jpeg"}],"twitter_card":"summary_large_image","twitter_site":"@norsteel","twitter_misc":{"Dur\u00e9e de lecture estim\u00e9e":"4 minutes"},"schema":{"@context":"https:\/\/schema.org","@graph":[{"@type":"WebPage","@id":"https:\/\/norsteel.thedev.ca\/fr\/batiments-prefabriques-en-acier\/","url":"https:\/\/norsteel.thedev.ca\/fr\/batiments-prefabriques-en-acier\/","name":"B\u00e2timents Pr\u00e9fabriqu\u00e9s en Acier | Norsteel Buildings","isPartOf":{"@id":"https:\/\/norsteel.thedev.ca\/fr\/#website"},"datePublished":"2021-06-17T20:53:59+00:00","dateModified":"2021-08-25T21:31:40+00:00","breadcrumb":{"@id":"https:\/\/norsteel.thedev.ca\/fr\/batiments-prefabriques-en-acier\/#breadcrumb"},"inLanguage":"fr-FR","potentialAction":[{"@type":"ReadAction","target":["https:\/\/norsteel.thedev.ca\/fr\/batiments-prefabriques-en-acier\/"]}]},{"@type":"BreadcrumbList","@id":"https:\/\/norsteel.thedev.ca\/fr\/batiments-prefabriques-en-acier\/#breadcrumb","itemListElement":[{"@type":"ListItem","position":1,"name":"Home","item":"https:\/\/norsteel.thedev.ca\/fr\/"},{"@type":"ListItem","position":2,"name":"B\u00e2timents Pr\u00e9fabriqu\u00e9s en Acier"}]},{"@type":"WebSite","@id":"https:\/\/norsteel.thedev.ca\/fr\/#website","url":"https:\/\/norsteel.thedev.ca\/fr\/","name":"Norsteel Buildings","description":"Prefab and Custom Steel Buildings","publisher":{"@id":"https:\/\/norsteel.thedev.ca\/fr\/#organization"},"potentialAction":[{"@type":"SearchAction","target":{"@type":"EntryPoint","urlTemplate":"https:\/\/norsteel.thedev.ca\/fr\/?s={search_term_string}"},"query-input":"required name=search_term_string"}],"inLanguage":"fr-FR"},{"@type":"Organization","@id":"https:\/\/norsteel.thedev.ca\/fr\/#organization","name":"Norsteel Buildings","url":"https:\/\/norsteel.thedev.ca\/fr\/","logo":{"@type":"ImageObject","inLanguage":"fr-FR","@id":"https:\/\/norsteel.thedev.ca\/fr\/#\/schema\/logo\/image\/","url":"https:\/\/norsteel.thedev.ca\/wp-content\/uploads\/2021\/04\/Norsteel-Logo_600x100-min.png","contentUrl":"https:\/\/norsteel.thedev.ca\/wp-content\/uploads\/2021\/04\/Norsteel-Logo_600x100-min.png","width":600,"height":100,"caption":"Norsteel Buildings"},"image":{"@id":"https:\/\/norsteel.thedev.ca\/fr\/#\/schema\/logo\/image\/"},"sameAs":["https:\/\/www.facebook.com\/NorsteelBuildings","https:\/\/twitter.com\/norsteel","https:\/\/www.instagram.com\/norsteelbuildings\/","https:\/\/www.linkedin.com\/company\/5315830\/admin\/","https:\/\/www.pinterest.ca\/NorsteelBuildings\/_created\/","https:\/\/www.youtube.com\/channel\/UCgz7hTZ20Yt9HijDLT_EycA"]}]}},"jetpack_sharing_enabled":true,"_links":{"self":[{"href":"https:\/\/norsteel.thedev.ca\/fr\/wp-json\/wp\/v2\/pages\/6070","targetHints":{"allow":["GET"]}}],"collection":[{"href":"https:\/\/norsteel.thedev.ca\/fr\/wp-json\/wp\/v2\/pages"}],"about":[{"href":"https:\/\/norsteel.thedev.ca\/fr\/wp-json\/wp\/v2\/types\/page"}],"author":[{"embeddable":true,"href":"https:\/\/norsteel.thedev.ca\/fr\/wp-json\/wp\/v2\/users\/10"}],"replies":[{"embeddable":true,"href":"https:\/\/norsteel.thedev.ca\/fr\/wp-json\/wp\/v2\/comments?post=6070"}],"version-history":[{"count":12,"href":"https:\/\/norsteel.thedev.ca\/fr\/wp-json\/wp\/v2\/pages\/6070\/revisions"}],"predecessor-version":[{"id":6836,"href":"https:\/\/norsteel.thedev.ca\/fr\/wp-json\/wp\/v2\/pages\/6070\/revisions\/6836"}],"wp:featuredmedia":[{"embeddable":true,"href":"https:\/\/norsteel.thedev.ca\/fr\/wp-json\/wp\/v2\/media\/588"}],"wp:attachment":[{"href":"https:\/\/norsteel.thedev.ca\/fr\/wp-json\/wp\/v2\/media?parent=6070"}],"wp:term":[{"taxonomy":"wf_page_folders","embeddable":true,"href":"https:\/\/norsteel.thedev.ca\/fr\/wp-json\/wp\/v2\/wf_page_folders?post=6070"}],"curies":[{"name":"wp","href":"https:\/\/api.w.org\/{rel}","templated":true}]}}