{"id":6098,"date":"2021-06-18T16:06:13","date_gmt":"2021-06-18T20:06:13","guid":{"rendered":"https:\/\/norsteel.thedev.ca\/clone-of-why-steel-buildings\/"},"modified":"2023-12-22T00:47:43","modified_gmt":"2023-12-22T05:47:43","slug":"pourquoi-des-batiments-en-acier","status":"publish","type":"page","link":"https:\/\/norsteel.thedev.ca\/fr\/pourquoi-des-batiments-en-acier\/","title":{"rendered":"Pourquoi des b\u00e2timents en acier ?"},"content":{"rendered":"<h1 style=\"text-align: left;\">Benefits of Steel<\/h1>\n<p style=\"text-align: left;\">Learn about the unique advantages that make steel one of the most popular building materials today.<\/p>\n<h3 style=\"\"><span>Pourquoi des <strong>b\u00e2timents en acier ?<\/strong><\/span><\/h3>\n<p><span data-contrast=\"auto\" lang=\"EN-CA\">De nos jours, l\u2019acier, l\u2019un des mat\u00e9riaux les plus populaires pour la construction, joue un r\u00f4le critique dans le contr\u00f4le des co\u00fbts du projet, tout en permettant \u00e0 l\u2019industrie d\u2019atteindre ses objectifs en d\u00e9veloppement durable. L\u2019acier poss\u00e8de de nombreux avantages uniques et importants par rapport \u00e0 beaucoup d\u2019autres mat\u00e9riaux de construction.<\/span><span data-contrast=\"auto\" lang=\"EN-CA\"><\/span><\/p>\n<p><span><img decoding=\"async\" alt=\"Economic Benefits Norsteel-min\" data-id=\"231\" data-init-width=\"800\" data-init-height=\"533\" title=\"\" loading=\"lazy\" src=\"https:\/\/norsteel.thedev.ca\/wp-content\/uploads\/2021\/05\/Economic-Benefits-of-Steel-resized-min.jpg\" data-width=\"408\" data-height=\"272\" style=\"aspect-ratio: auto 800 \/ 533;\" width=\"408\" height=\"272\"><\/span><\/p>\n<p style=\"color: rgb(0, 110, 179) !important; --tcb-applied-color:rgb(0, 110, 179)  !important;\"><strong>Avantages \u00e9conomiques<\/strong><\/p>\n<p style=\"\">Les mat\u00e9riaux en acier offrent des avantages fiscaux \u00e0 long terme du fait de leurs mall\u00e9abilit\u00e9, adaptabilit\u00e9 et durabilit\u00e9 sup\u00e9rieures.<\/p>\n<p style=\"\">Un b\u00e2timent en acier est livr\u00e9 \u00e0 la fin de la construction, donc il ne faut plus payer pour stocker les mat\u00e9riaux qui peuvent prendre de l\u2019espace pendant un certain temps.<\/p>\n<p style=\"\">Il est facile d\u2019actualiser et de moderniser les fournitures en acier, que vous d\u00e9siriez augmenter la dur\u00e9e ou la surface d\u2019un b\u00e2timent.<\/p>\n<p style=\"\">Une construction plus rapide et efficace et sans erreurs signifie que le b\u00e2timent sera sans doute fini dans les temps ou m\u00eame avant, ce qui minore les co\u00fbts en main-d\u2019\u0153uvre et r\u00e9duit la p\u00e9riode d\u2019amortissement pour les investisseurs.<\/p>\n<p><span><img decoding=\"async\" alt=\"Social Benefits Norsteel-min\" data-id=\"233\" data-init-width=\"800\" data-init-height=\"527\" title=\"\" loading=\"lazy\" src=\"https:\/\/norsteel.thedev.ca\/wp-content\/uploads\/2021\/05\/Social-Benefits-of-Steel-resized-min.jpg\" data-width=\"489\" data-height=\"322\" style=\"aspect-ratio: auto 800 \/ 527;\" width=\"489\" height=\"322\"><\/span><\/p>\n<p style=\"color: rgb(0, 110, 179) !important; --tcb-applied-color:rgb(0, 110, 179)  !important;\"><strong>Avantages sociaux<\/strong><\/p>\n<p style=\"\">Les b\u00e2timents an acier sont l\u00e9gers et a\u00e9r\u00e9s, ce qui peut cr\u00e9er un environnement spacieux et agr\u00e9able pour y travailler ou y vivre.<\/p>\n<p style=\"\">La fabrication en dehors du chantier entra\u00eene un site propre, sans danger et calme, tout en maintenant la stabilit\u00e9 de la main-d\u2019\u0153uvre.<\/p>\n<p style=\"\">Gr\u00e2ce \u00e0 la conception, \u00e0 l\u2019ing\u00e9nierie et \u00e0 la fabrication hors du chantier, les mat\u00e9riaux sont transport\u00e9s vers le site en vue d\u2019un montage rapide et efficace et d\u2019une r\u00e9duction de l\u2019encombrement sur place.<\/p>\n<p style=\"\">Les mat\u00e9riaux pr\u00e9fabriqu\u00e9s ne cr\u00e9ent pas de poussi\u00e8re ni de bruit sur le chantier, ce qui r\u00e9duit la pollution et aide \u00e0 cr\u00e9er un milieu de travail sans danger et plus sain.<\/p>\n<p><span><img decoding=\"async\" alt=\"Environmental Benefits of Steel resized-min\" data-id=\"232\" data-init-width=\"800\" data-init-height=\"522\" title=\"\" loading=\"lazy\" src=\"https:\/\/norsteel.thedev.ca\/wp-content\/uploads\/2021\/05\/Environmental-Benefits-of-Steel-resized-min.jpg\" data-width=\"408\" data-height=\"266\" style=\"aspect-ratio: auto 800 \/ 522;\" width=\"408\" height=\"266\"><\/span><\/p>\n<p style=\"color: rgb(0, 110, 179) !important; --tcb-applied-color:rgb(0, 110, 179)  !important;\"><strong>Avantages pour l\u2019environnement<\/strong><\/p>\n<p style=\"\">L\u2019acier est recyclable \u00e0 100 % et les mat\u00e9riaux utilis\u00e9s de nos jours proviennent presqu\u2019enti\u00e8rement d\u2019acier recycl\u00e9. Ses sous-produits sont employ\u00e9s dans les peintures, le b\u00e9ton, les plastiques et les engrais, ou en tant que ressources \u00e9nerg\u00e9tiques dans la fabrication de ces produits.<\/p>\n<p style=\"\">Une fois produit, l\u2019acier peut \u00eatre r\u00e9utilis\u00e9 et reform\u00e9 de nombreuses fois sans perdre de sa r\u00e9sistance et de son aspect esth\u00e9tique. C\u2019est ainsi que, lorsqu\u2019un b\u00e2timent en acier est d\u00e9moli, les m\u00eames mat\u00e9riaux sont r\u00e9utilis\u00e9s.<\/p>\n<p style=\"\">L\u2019acier peut durer pendant des d\u00e9cennies avec un entretien minime. Il r\u00e9siste mieux aux conditions environnementales que le bois ou la pierre. Avec les formules et enduits corrects, il ne se corrode ni ne rouille pas.<\/p>\n<p style=\"\">See if steel works for you next&nbsp;<a href=\"https:\/\/norsteel.thedev.ca\/fr\/commerciaux\/\" target=\"_blank\" style=\"outline: none;\" rel=\"noopener\">commercial<\/a>&nbsp;or&nbsp;<a href=\"https:\/\/norsteel.thedev.ca\/fr\/batiments-agricoles\/\" target=\"_blank\" style=\"outline: none;\" rel=\"noopener\">agricultural project<\/a>. Work with us today!<\/p>\n","protected":false},"excerpt":{"rendered":"<p>Benefits of Steel Learn about the unique advantages that make steel one of the most popular building materials today. Pourquoi des b\u00e2timents en acier ? De nos jours, l\u2019acier, l\u2019un des mat\u00e9riaux les plus populaires pour la construction, joue un r\u00f4le critique dans le contr\u00f4le des co\u00fbts du projet, tout en permettant \u00e0 l\u2019industrie d\u2019atteindre [&hellip;]<\/p>\n","protected":false},"author":10,"featured_media":227,"parent":0,"menu_order":0,"comment_status":"closed","ping_status":"closed","template":"","meta":{"_mbp_gutenberg_autopost":false,"footnotes":""},"wf_page_folders":[],"class_list":["post-6098","page","type-page","status-publish","has-post-thumbnail","hentry","post-wrapper","thrv_wrapper"],"yoast_head":"<!-- This site is optimized with the Yoast SEO plugin v21.9 - https:\/\/yoast.com\/wordpress\/plugins\/seo\/ -->\n<title>Pourquoi des b\u00e2timents en acier ? | Norsteel Buildings<\/title>\n<meta name=\"robots\" content=\"noindex, follow, max-snippet:-1, max-image-preview:large, max-video-preview:-1\" \/>\n<meta property=\"og:locale\" content=\"fr_FR\" \/>\n<meta property=\"og:type\" content=\"article\" \/>\n<meta property=\"og:title\" content=\"Pourquoi des b\u00e2timents en acier ? | Norsteel Buildings\" \/>\n<meta property=\"og:description\" content=\"Benefits of Steel Learn about the unique advantages that make steel one of the most popular building materials today. Pourquoi des b\u00e2timents en acier ? De nos jours, l\u2019acier, l\u2019un des mat\u00e9riaux les plus populaires pour la construction, joue un r\u00f4le critique dans le contr\u00f4le des co\u00fbts du projet, tout en permettant \u00e0 l\u2019industrie d\u2019atteindre [&hellip;]\" \/>\n<meta property=\"og:url\" content=\"https:\/\/norsteel.thedev.ca\/fr\/pourquoi-des-batiments-en-acier\/\" \/>\n<meta property=\"og:site_name\" content=\"Norsteel Buildings\" \/>\n<meta property=\"article:publisher\" content=\"https:\/\/www.facebook.com\/NorsteelBuildings\" \/>\n<meta property=\"article:modified_time\" content=\"2023-12-22T05:47:43+00:00\" \/>\n<meta property=\"og:image\" content=\"https:\/\/norsteel.thedev.ca\/wp-content\/uploads\/2021\/05\/Why-Steel-Page-Header-resized-min.jpg\" \/>\n\t<meta property=\"og:image:width\" content=\"1920\" \/>\n\t<meta property=\"og:image:height\" content=\"774\" \/>\n\t<meta property=\"og:image:type\" content=\"image\/jpeg\" \/>\n<meta name=\"twitter:card\" content=\"summary_large_image\" \/>\n<meta name=\"twitter:site\" content=\"@norsteel\" \/>\n<meta name=\"twitter:label1\" content=\"Dur\u00e9e de lecture estim\u00e9e\" \/>\n\t<meta name=\"twitter:data1\" content=\"3 minutes\" \/>\n<!-- \/ Yoast SEO plugin. -->","yoast_head_json":{"title":"Pourquoi des b\u00e2timents en acier ? | Norsteel Buildings","robots":{"index":"noindex","follow":"follow","max-snippet":"max-snippet:-1","max-image-preview":"max-image-preview:large","max-video-preview":"max-video-preview:-1"},"og_locale":"fr_FR","og_type":"article","og_title":"Pourquoi des b\u00e2timents en acier ? | Norsteel Buildings","og_description":"Benefits of Steel Learn about the unique advantages that make steel one of the most popular building materials today. Pourquoi des b\u00e2timents en acier ? De nos jours, l\u2019acier, l\u2019un des mat\u00e9riaux les plus populaires pour la construction, joue un r\u00f4le critique dans le contr\u00f4le des co\u00fbts du projet, tout en permettant \u00e0 l\u2019industrie d\u2019atteindre [&hellip;]","og_url":"https:\/\/norsteel.thedev.ca\/fr\/pourquoi-des-batiments-en-acier\/","og_site_name":"Norsteel Buildings","article_publisher":"https:\/\/www.facebook.com\/NorsteelBuildings","article_modified_time":"2023-12-22T05:47:43+00:00","og_image":[{"width":1920,"height":774,"url":"https:\/\/norsteel.thedev.ca\/wp-content\/uploads\/2021\/05\/Why-Steel-Page-Header-resized-min.jpg","type":"image\/jpeg"}],"twitter_card":"summary_large_image","twitter_site":"@norsteel","twitter_misc":{"Dur\u00e9e de lecture estim\u00e9e":"3 minutes"},"schema":{"@context":"https:\/\/schema.org","@graph":[{"@type":"WebPage","@id":"https:\/\/norsteel.thedev.ca\/fr\/pourquoi-des-batiments-en-acier\/","url":"https:\/\/norsteel.thedev.ca\/fr\/pourquoi-des-batiments-en-acier\/","name":"Pourquoi des b\u00e2timents en acier ? | Norsteel Buildings","isPartOf":{"@id":"https:\/\/norsteel.thedev.ca\/fr\/#website"},"datePublished":"2021-06-18T20:06:13+00:00","dateModified":"2023-12-22T05:47:43+00:00","breadcrumb":{"@id":"https:\/\/norsteel.thedev.ca\/fr\/pourquoi-des-batiments-en-acier\/#breadcrumb"},"inLanguage":"fr-FR","potentialAction":[{"@type":"ReadAction","target":["https:\/\/norsteel.thedev.ca\/fr\/pourquoi-des-batiments-en-acier\/"]}]},{"@type":"BreadcrumbList","@id":"https:\/\/norsteel.thedev.ca\/fr\/pourquoi-des-batiments-en-acier\/#breadcrumb","itemListElement":[{"@type":"ListItem","position":1,"name":"Home","item":"https:\/\/norsteel.thedev.ca\/fr\/"},{"@type":"ListItem","position":2,"name":"Pourquoi des b\u00e2timents en acier ?"}]},{"@type":"WebSite","@id":"https:\/\/norsteel.thedev.ca\/fr\/#website","url":"https:\/\/norsteel.thedev.ca\/fr\/","name":"Norsteel Buildings","description":"Prefab and Custom Steel Buildings","publisher":{"@id":"https:\/\/norsteel.thedev.ca\/fr\/#organization"},"potentialAction":[{"@type":"SearchAction","target":{"@type":"EntryPoint","urlTemplate":"https:\/\/norsteel.thedev.ca\/fr\/?s={search_term_string}"},"query-input":"required name=search_term_string"}],"inLanguage":"fr-FR"},{"@type":"Organization","@id":"https:\/\/norsteel.thedev.ca\/fr\/#organization","name":"Norsteel Buildings","url":"https:\/\/norsteel.thedev.ca\/fr\/","logo":{"@type":"ImageObject","inLanguage":"fr-FR","@id":"https:\/\/norsteel.thedev.ca\/fr\/#\/schema\/logo\/image\/","url":"https:\/\/norsteel.thedev.ca\/wp-content\/uploads\/2021\/04\/Norsteel-Logo_600x100-min.png","contentUrl":"https:\/\/norsteel.thedev.ca\/wp-content\/uploads\/2021\/04\/Norsteel-Logo_600x100-min.png","width":600,"height":100,"caption":"Norsteel Buildings"},"image":{"@id":"https:\/\/norsteel.thedev.ca\/fr\/#\/schema\/logo\/image\/"},"sameAs":["https:\/\/www.facebook.com\/NorsteelBuildings","https:\/\/twitter.com\/norsteel","https:\/\/www.instagram.com\/norsteelbuildings\/","https:\/\/www.linkedin.com\/company\/5315830\/admin\/","https:\/\/www.pinterest.ca\/NorsteelBuildings\/_created\/","https:\/\/www.youtube.com\/channel\/UCgz7hTZ20Yt9HijDLT_EycA"]}]}},"jetpack_sharing_enabled":true,"_links":{"self":[{"href":"https:\/\/norsteel.thedev.ca\/fr\/wp-json\/wp\/v2\/pages\/6098","targetHints":{"allow":["GET"]}}],"collection":[{"href":"https:\/\/norsteel.thedev.ca\/fr\/wp-json\/wp\/v2\/pages"}],"about":[{"href":"https:\/\/norsteel.thedev.ca\/fr\/wp-json\/wp\/v2\/types\/page"}],"author":[{"embeddable":true,"href":"https:\/\/norsteel.thedev.ca\/fr\/wp-json\/wp\/v2\/users\/10"}],"replies":[{"embeddable":true,"href":"https:\/\/norsteel.thedev.ca\/fr\/wp-json\/wp\/v2\/comments?post=6098"}],"version-history":[{"count":6,"href":"https:\/\/norsteel.thedev.ca\/fr\/wp-json\/wp\/v2\/pages\/6098\/revisions"}],"predecessor-version":[{"id":8536,"href":"https:\/\/norsteel.thedev.ca\/fr\/wp-json\/wp\/v2\/pages\/6098\/revisions\/8536"}],"wp:featuredmedia":[{"embeddable":true,"href":"https:\/\/norsteel.thedev.ca\/fr\/wp-json\/wp\/v2\/media\/227"}],"wp:attachment":[{"href":"https:\/\/norsteel.thedev.ca\/fr\/wp-json\/wp\/v2\/media?parent=6098"}],"wp:term":[{"taxonomy":"wf_page_folders","embeddable":true,"href":"https:\/\/norsteel.thedev.ca\/fr\/wp-json\/wp\/v2\/wf_page_folders?post=6098"}],"curies":[{"name":"wp","href":"https:\/\/api.w.org\/{rel}","templated":true}]}}